{"id":6384,"date":"2017-03-06T08:31:45","date_gmt":"2017-03-06T07:31:45","guid":{"rendered":"http:\/\/sylviaevents.digisidewp.it\/mi-trabajo\/"},"modified":"2022-11-11T09:55:32","modified_gmt":"2022-11-11T08:55:32","slug":"mi-trabajo","status":"publish","type":"page","link":"https:\/\/sylviaevents.it\/es\/mi-trabajo\/","title":{"rendered":"Mi trabajo"},"content":{"rendered":"<section class=\"cata-section cata-section-container-stretch padding-sezione remove-margin-mobile\" id=\"section_n59t04tzg1\" style=\" margin-bottom:50px;\" ><div class=\"cata-container\"><div class=\"cata-row cata-columns-gap-30\"><div class=\"cata-column wpb_column vc_column_container text-left  col-xs-mobile-fullwidth col-sm-12\"  id=\"column_vfhn8bxu7r\" style=\"\"><div class=\"cata-column-wrapper vc-column-innner-wrapper\" style=\"\"><h3 class=\"heading-title style1 text-center\" ><span><i>SERVICIOS<\/i> Wedding<\/span><\/h3><div class=\"cata-text-column cata-element  vc_custom_1666280217249 color-dark\" >\r\n\t\t\t\t\t<div class=\"text_wrapper\"><p style=\"text-align: center;\">Solo una pareja conoce la historia y dedicaci\u00f3n para la realizaci\u00f3n de este evento.<\/p>\n<p style=\"text-align: center;\">Os acompa\u00f1amos en este viaje nunca delante de vosotros sino <strong>a vuestro lado<\/strong>: sois los protagonistas.<br \/>\nPara cada elecci\u00f3n individual, presentamos todas sus posibles variaciones y combinaciones, centr\u00e1ndonos en lo que la hace \u00fanica: <strong>los detalles<\/strong>.<\/p>\n<\/div>\r\n\t\t\t\t<\/div><\/div><\/div><\/div><\/div><\/section><section class=\"cata-section cata-section-container-stretch\" id=\"section_z0rwq4pjmy\" style=\" margin-bottom:80px;\" ><div class=\"cata-container\"><div class=\"cata-row cata-columns-gap-30\"><div class=\"cata-column wpb_column vc_column_container text-left has-animation  col-xs-mobile-fullwidth  col-sm-4\" data-animation-type=\"fadeInUp\" data-animation-duration=\"600\" data-animation-delay=\"0\" id=\"column_0l7cd8dwe7\" style=\"\"><div class=\"cata-column-wrapper vc-column-innner-wrapper\" style=\"\">\t\t<div id=\"cata_single_image_tscqrqlln0\" class=\"cata-single-image cata-element img-left effect-moveup border-radius\" >\r\n\t\t\t<div><figure>\r\n\t\t\t\t<img width=\"382\" height=\"389\" src=\"https:\/\/sylviaevents.it\/wp-content\/uploads\/2022\/10\/box-wedding-planner.png\" class=\"cata-image-img attachment-full\" alt=\"\" decoding=\"async\" loading=\"lazy\" title=\"box-wedding-planner\" \/>\t\t\t<\/figure><\/div>\r\n\t\t<\/div>\r\n\t\t<div id=\"cata_empty_space_kirnt\" class=\"cata-empty-space cata-element\" style=\"height: 25px\" ><\/div><div id=\"cata_custom_heading_1a1rdp7sxy\" class=\"cata-custom-heading cata-element \" ><h4 style=\"font-size: 24px; text-align:center;color: #333333; line-height: 23px; \" class=\"\">Wedding Planner<\/h4><\/div><div class=\"cata-text-column cata-element  color-dark\" >\r\n\t\t\t\t\t<div class=\"text_wrapper\"><p style=\"text-align: center;\">Realizaci\u00f3n \u201cIn Toto\u201d de la Boda, desde la elecci\u00f3n de la Locaci\u00f3n hasta el layout, pasando por la gesti\u00f3n de documentos, recepci\u00f3n y hospitalidad de invitados, transporte, etc.<\/p>\n<\/div>\r\n\t\t\t\t<\/div><\/div><\/div><div class=\"cata-column wpb_column vc_column_container text-left has-animation  col-xs-mobile-fullwidth  col-sm-4\" data-animation-type=\"fadeInUp\" data-animation-duration=\"600\" data-animation-delay=\"0\" id=\"column_5eo0bcyljn\" style=\"\"><div class=\"cata-column-wrapper vc-column-innner-wrapper\" style=\"\">\t\t<div id=\"cata_single_image_j6vvo92qre\" class=\"cata-single-image cata-element img-left effect-moveup border-radius\" >\r\n\t\t\t<div><figure>\r\n\t\t\t\t<img width=\"382\" height=\"389\" src=\"https:\/\/sylviaevents.it\/wp-content\/uploads\/2022\/10\/box-wedding-designer.png\" class=\"cata-image-img attachment-full\" alt=\"\" decoding=\"async\" loading=\"lazy\" title=\"box-wedding-designer\" \/>\t\t\t<\/figure><\/div>\r\n\t\t<\/div>\r\n\t\t<div id=\"cata_empty_space_u0ib4\" class=\"cata-empty-space cata-element\" style=\"height: 25px\" ><\/div><div id=\"cata_custom_heading_ww64wvnfu6\" class=\"cata-custom-heading cata-element \" ><h4 style=\"font-size: 24px; text-align:center;color: #333333; line-height: 23px; \" class=\"\">Dise\u00f1ador de bodas<\/h4><\/div><div class=\"cata-text-column cata-element  color-dark\" >\r\n\t\t\t\t\t<div class=\"text_wrapper\"><p style=\"text-align: center;\">Elecci\u00f3n y disposici\u00f3n de los accesorios, dise\u00f1o de la ubicaci\u00f3n, elecci\u00f3n y dise\u00f1o del sitio de la funci\u00f3n, etc.<\/p>\n<\/div>\r\n\t\t\t\t<\/div><\/div><\/div><div class=\"cata-column wpb_column vc_column_container text-left has-animation  col-xs-mobile-fullwidth  col-sm-4\" data-animation-type=\"fadeInUp\" data-animation-duration=\"600\" data-animation-delay=\"0\" id=\"column_vjlrt3iv9b\" style=\"\"><div class=\"cata-column-wrapper vc-column-innner-wrapper\" style=\"\">\t\t<div id=\"cata_single_image_me8mykyq6t\" class=\"cata-single-image cata-element img-left effect-moveup border-radius\" >\r\n\t\t\t<div><figure>\r\n\t\t\t\t<img width=\"382\" height=\"389\" src=\"https:\/\/sylviaevents.it\/wp-content\/uploads\/2022\/10\/box-wedding-consultant.png\" class=\"cata-image-img attachment-full\" alt=\"\" decoding=\"async\" loading=\"lazy\" title=\"box-wedding-consultant\" \/>\t\t\t<\/figure><\/div>\r\n\t\t<\/div>\r\n\t\t<div id=\"cata_empty_space_x5zzu\" class=\"cata-empty-space cata-element\" style=\"height: 25px\" ><\/div><div id=\"cata_custom_heading_b4lmnwoqpo\" class=\"cata-custom-heading cata-element \" ><h4 style=\"font-size: 24px; text-align:center;color: #333333; line-height: 23px; \" class=\"\">Consultora de bodas<\/h4><\/div><div class=\"cata-text-column cata-element  color-dark\" >\r\n\t\t\t\t\t<div class=\"text_wrapper\"><p style=\"text-align: center;\">Elecci\u00f3n y realizaci\u00f3n del vestido, asistencia en el delicado mundo de la belleza.<\/p>\n<\/div>\r\n\t\t\t\t<\/div><\/div><\/div><\/div><\/div><\/section><section class=\"cata-section cata-section-container-stretch row-equal-height row-content-middle cata-row-flex padding-sezione margin-remove-mobile\" id=\"section_zx231v8bl3\" style=\" padding-top:50px; padding-bottom:50px; margin-bottom:0px;background-color:#f9f9f9;\" ><div class=\"cata-container\"><div class=\"cata-row cata-columns-gap-30\"><div class=\"cata-column wpb_column vc_column_container text-left ipad-padding-right-30px mobile-padding-right-15px  col-xs-mobile-fullwidth  col-sm-6\"  id=\"column_8dif3hotua\" style=\"padding-right:60px;\"><div class=\"cata-column-wrapper vc-column-innner-wrapper\" style=\"\"><h3 class=\"heading-title style2 text-left\" ><span>Eventos<\/span><\/h3><div id=\"cata_empty_space_jkv9w\" class=\"cata-empty-space cata-element\" style=\"height: 10px\" ><\/div><div class=\"cata-text-column cata-element  color-dark\" >\r\n\t\t\t\t\t<div class=\"text_wrapper\"><p>El car\u00e1cter de cada evento viene dado por los detalles: tema, lugar, c\u00f3digo de vestimenta, etc.<br \/>\nBrindamos consultor\u00eda de 360\u00b0 gracias a una vasta red de contactos y alianzas consolidadas con las mejores figuras y estructuras que ofrece el territorio.<\/p>\n<\/div>\r\n\t\t\t\t<\/div><div id=\"cata_empty_space_xo54p\" class=\"cata-empty-space cata-element\" style=\"height: 20px\" ><\/div>\t\t\t<div id=\"list_v4w096upq3\" class=\"cata-list fontlist bullet-caret-circle has-animation\" data-animation-type=\"fadeInUp\" data-animation-duration=\"700\" data-animation-delay=\"0\">\r\n\t\t\t\t<ul class=\"lista-col-2\">\n<li>Despedida de soltera<\/li>\n<li>Despedida de soltero<\/li>\n<li>Cenas de empresa<\/li>\n<li>Cumplea\u00f1os<\/li>\n<li>Bautizos<\/li>\n<li>Comuniones<\/li>\n<li>Confirmaciones<\/li>\n<li>Fiestas privadas<\/li>\n<li>Recepciones<\/li>\n<\/ul>\t\t\t<\/div>\r\n\t\t<\/div><\/div><div class=\"cata-column wpb_column vc_column_container  col-xs-mobile-fullwidth  col-sm-6\"  id=\"column_a3rykyrgc8\" style=\"\"><div class=\"cata-column-wrapper vc-column-innner-wrapper\" style=\"\">\t\t<div id=\"cata_single_image_m41rarwz5u\" class=\"cata-single-image cata-element img-center border-radius\" >\r\n\t\t\t<div><figure>\r\n\t\t\t\t<img width=\"622\" height=\"395\" src=\"https:\/\/sylviaevents.it\/wp-content\/uploads\/2022\/10\/img-dx-eventi-home.jpg\" class=\"cata-image-img attachment-full\" alt=\"\" decoding=\"async\" loading=\"lazy\" title=\"img-dx-eventi-home\" \/>\t\t\t<\/figure><\/div>\r\n\t\t<\/div>\r\n\t\t<\/div><\/div><\/div><\/div><\/section><section class=\"cata-section cata-section-container-stretch fascia-contatti cata-parallax-bg\" id=\"section_8lq1qw1b3z\" data-prlx-speed=\"0.1\" style=\" margin-bottom:0;background-image: url(https:\/\/sylviaevents.it\/wp-content\/uploads\/2022\/10\/slide-richiedi-info.jpg);background-repeat: no-repeat;background-size: initial;background-position: center center;\" ><div class=\"selection-overlay\" style=\"opacity:0.5; background-color:#0a0a0a;\"><\/div><div class=\"cata-container\"><div class=\"cata-row cata-columns-gap-30\"><div class=\"cata-column wpb_column vc_column_container  col-xs-mobile-fullwidth col-sm-12\"  id=\"column_qso0ullbmx\" style=\"\"><div class=\"cata-column-wrapper vc-column-innner-wrapper\" style=\"\">\t\t\t<div id=\"cata_callaction_6eh9qotav2\" class=\"cata-callaction cata-style6 text-light has-animation\" data-animation-type=\"fadeInUp\" data-animation-duration=\"700\" data-animation-delay=\"0\"> \r\n\t\t\t\t\t\t\t\t\t<div class=\"content-wrapper container no-desc\">\r\n\t\t\t\t\t\t<div class=\"callaction-heading\">\r\n\t\t\t\t\t\t\t<h4>\u00bfTienes alguna pregunta?<\/h4>\r\n\t\t\t\t\t\t\t\t\r\n\t\t\t\t\t\t\t\t\t\t\t\t\t<\/div>\r\n\t\t\t\t\t\t\r\n\t\t\t\t\t\t<div class=\"callaction-btn\">\r\n\t\t\t\t\t\t<div id=\"cata_button_ctpzbpscc7\" class=\"cata-button cata-btn-inline\" ><a class=\"cata-btn cata-btn-style-flat cata-btn-shape-square cata-btn-size-md\" href=\"\/es\/contacto\/\" title=\"CONT\u00c1CTAME\">CONT\u00c1CTAME<\/a><\/div>\t\t\t\t\t\t<\/div>\r\n\t\t\t\t\t<\/div>\r\n\t\t\t\t\t\t\t\t\r\n\t\t\t<\/div>\r\n\t\t<\/div><\/div><\/div><\/div><\/section>\n","protected":false},"excerpt":{"rendered":"SERVICIOS Wedding Solo una pareja conoce la historia y dedicaci\u00f3n para la realizaci\u00f3n de este evento. Os acompa\u00f1amos en este viaje nunca delante de vosotros sino a vuestro lado: sois los protagonistas. Para cada elecci\u00f3n [...]","protected":false},"author":1,"featured_media":0,"parent":0,"menu_order":0,"comment_status":"closed","ping_status":"closed","template":"","meta":[],"yoast_head":"<!-- This site is optimized with the Yoast SEO plugin v20.2.1 - https:\/\/yoast.com\/wordpress\/plugins\/seo\/ -->\n<title>Mi trabajo - Sylvia Events<\/title>\n<meta name=\"robots\" content=\"index, follow, max-snippet:-1, max-image-preview:large, max-video-preview:-1\" \/>\n<link rel=\"canonical\" href=\"https:\/\/sylviaevents.it\/es\/mi-trabajo\/\" \/>\n<meta property=\"og:locale\" content=\"es_ES\" \/>\n<meta property=\"og:type\" content=\"article\" \/>\n<meta property=\"og:title\" content=\"Mi trabajo - Sylvia Events\" \/>\n<meta property=\"og:url\" content=\"https:\/\/sylviaevents.it\/es\/mi-trabajo\/\" \/>\n<meta property=\"og:site_name\" content=\"Sylvia Events\" \/>\n<meta property=\"article:publisher\" content=\"https:\/\/www.facebook.com\/people\/Sylvia-Frazzetto\/100087205748879\/\" \/>\n<meta property=\"article:modified_time\" content=\"2022-11-11T08:55:32+00:00\" \/>\n<meta property=\"og:image\" content=\"https:\/\/sylviaevents.it\/wp-content\/uploads\/2016\/12\/bg-page-title.jpg\" \/>\n\t<meta property=\"og:image:width\" content=\"1920\" \/>\n\t<meta property=\"og:image:height\" content=\"1080\" \/>\n\t<meta property=\"og:image:type\" content=\"image\/jpeg\" \/>\n<meta name=\"twitter:card\" content=\"summary_large_image\" \/>\n<meta name=\"twitter:label1\" content=\"Tiempo de lectura\" \/>\n\t<meta name=\"twitter:data1\" content=\"3 minutos\" \/>\n<script type=\"application\/ld+json\" class=\"yoast-schema-graph\">{\"@context\":\"https:\/\/schema.org\",\"@graph\":[{\"@type\":\"WebPage\",\"@id\":\"https:\/\/sylviaevents.it\/es\/mi-trabajo\/\",\"url\":\"https:\/\/sylviaevents.it\/es\/mi-trabajo\/\",\"name\":\"Mi trabajo - Sylvia Events\",\"isPartOf\":{\"@id\":\"https:\/\/sylviaevents.it\/#website\"},\"datePublished\":\"2017-03-06T07:31:45+00:00\",\"dateModified\":\"2022-11-11T08:55:32+00:00\",\"breadcrumb\":{\"@id\":\"https:\/\/sylviaevents.it\/es\/mi-trabajo\/#breadcrumb\"},\"inLanguage\":\"es\",\"potentialAction\":[{\"@type\":\"ReadAction\",\"target\":[\"https:\/\/sylviaevents.it\/es\/mi-trabajo\/\"]}]},{\"@type\":\"BreadcrumbList\",\"@id\":\"https:\/\/sylviaevents.it\/es\/mi-trabajo\/#breadcrumb\",\"itemListElement\":[{\"@type\":\"ListItem\",\"position\":1,\"name\":\"Home\",\"item\":\"https:\/\/sylviaevents.it\/es\/\"},{\"@type\":\"ListItem\",\"position\":2,\"name\":\"Mi trabajo\"}]},{\"@type\":\"WebSite\",\"@id\":\"https:\/\/sylviaevents.it\/#website\",\"url\":\"https:\/\/sylviaevents.it\/\",\"name\":\"Sylvia Events\",\"description\":\"\",\"publisher\":{\"@id\":\"https:\/\/sylviaevents.it\/#organization\"},\"potentialAction\":[{\"@type\":\"SearchAction\",\"target\":{\"@type\":\"EntryPoint\",\"urlTemplate\":\"https:\/\/sylviaevents.it\/?s={search_term_string}\"},\"query-input\":\"required name=search_term_string\"}],\"inLanguage\":\"es\"},{\"@type\":\"Organization\",\"@id\":\"https:\/\/sylviaevents.it\/#organization\",\"name\":\"Sylvia Events\",\"url\":\"https:\/\/sylviaevents.it\/\",\"logo\":{\"@type\":\"ImageObject\",\"inLanguage\":\"es\",\"@id\":\"https:\/\/sylviaevents.it\/#\/schema\/logo\/image\/\",\"url\":\"https:\/\/sylviaevents.it\/wp-content\/uploads\/2017\/02\/logo-xs.png\",\"contentUrl\":\"https:\/\/sylviaevents.it\/wp-content\/uploads\/2017\/02\/logo-xs.png\",\"width\":99,\"height\":65,\"caption\":\"Sylvia Events\"},\"image\":{\"@id\":\"https:\/\/sylviaevents.it\/#\/schema\/logo\/image\/\"},\"sameAs\":[\"https:\/\/www.facebook.com\/people\/Sylvia-Frazzetto\/100087205748879\/\",\"https:\/\/www.instagram.com\/s.events.wedding_\/\"]}]}<\/script>\n<!-- \/ Yoast SEO plugin. -->","yoast_head_json":{"title":"Mi trabajo - Sylvia Events","robots":{"index":"index","follow":"follow","max-snippet":"max-snippet:-1","max-image-preview":"max-image-preview:large","max-video-preview":"max-video-preview:-1"},"canonical":"https:\/\/sylviaevents.it\/es\/mi-trabajo\/","og_locale":"es_ES","og_type":"article","og_title":"Mi trabajo - Sylvia Events","og_url":"https:\/\/sylviaevents.it\/es\/mi-trabajo\/","og_site_name":"Sylvia Events","article_publisher":"https:\/\/www.facebook.com\/people\/Sylvia-Frazzetto\/100087205748879\/","article_modified_time":"2022-11-11T08:55:32+00:00","og_image":[{"width":1920,"height":1080,"url":"https:\/\/sylviaevents.it\/wp-content\/uploads\/2016\/12\/bg-page-title.jpg","type":"image\/jpeg"}],"twitter_card":"summary_large_image","twitter_misc":{"Tiempo de lectura":"3 minutos"},"schema":{"@context":"https:\/\/schema.org","@graph":[{"@type":"WebPage","@id":"https:\/\/sylviaevents.it\/es\/mi-trabajo\/","url":"https:\/\/sylviaevents.it\/es\/mi-trabajo\/","name":"Mi trabajo - Sylvia Events","isPartOf":{"@id":"https:\/\/sylviaevents.it\/#website"},"datePublished":"2017-03-06T07:31:45+00:00","dateModified":"2022-11-11T08:55:32+00:00","breadcrumb":{"@id":"https:\/\/sylviaevents.it\/es\/mi-trabajo\/#breadcrumb"},"inLanguage":"es","potentialAction":[{"@type":"ReadAction","target":["https:\/\/sylviaevents.it\/es\/mi-trabajo\/"]}]},{"@type":"BreadcrumbList","@id":"https:\/\/sylviaevents.it\/es\/mi-trabajo\/#breadcrumb","itemListElement":[{"@type":"ListItem","position":1,"name":"Home","item":"https:\/\/sylviaevents.it\/es\/"},{"@type":"ListItem","position":2,"name":"Mi trabajo"}]},{"@type":"WebSite","@id":"https:\/\/sylviaevents.it\/#website","url":"https:\/\/sylviaevents.it\/","name":"Sylvia Events","description":"","publisher":{"@id":"https:\/\/sylviaevents.it\/#organization"},"potentialAction":[{"@type":"SearchAction","target":{"@type":"EntryPoint","urlTemplate":"https:\/\/sylviaevents.it\/?s={search_term_string}"},"query-input":"required name=search_term_string"}],"inLanguage":"es"},{"@type":"Organization","@id":"https:\/\/sylviaevents.it\/#organization","name":"Sylvia Events","url":"https:\/\/sylviaevents.it\/","logo":{"@type":"ImageObject","inLanguage":"es","@id":"https:\/\/sylviaevents.it\/#\/schema\/logo\/image\/","url":"https:\/\/sylviaevents.it\/wp-content\/uploads\/2017\/02\/logo-xs.png","contentUrl":"https:\/\/sylviaevents.it\/wp-content\/uploads\/2017\/02\/logo-xs.png","width":99,"height":65,"caption":"Sylvia Events"},"image":{"@id":"https:\/\/sylviaevents.it\/#\/schema\/logo\/image\/"},"sameAs":["https:\/\/www.facebook.com\/people\/Sylvia-Frazzetto\/100087205748879\/","https:\/\/www.instagram.com\/s.events.wedding_\/"]}]}},"_links":{"self":[{"href":"https:\/\/sylviaevents.it\/es\/wp-json\/wp\/v2\/pages\/6384"}],"collection":[{"href":"https:\/\/sylviaevents.it\/es\/wp-json\/wp\/v2\/pages"}],"about":[{"href":"https:\/\/sylviaevents.it\/es\/wp-json\/wp\/v2\/types\/page"}],"author":[{"embeddable":true,"href":"https:\/\/sylviaevents.it\/es\/wp-json\/wp\/v2\/users\/1"}],"replies":[{"embeddable":true,"href":"https:\/\/sylviaevents.it\/es\/wp-json\/wp\/v2\/comments?post=6384"}],"version-history":[{"count":7,"href":"https:\/\/sylviaevents.it\/es\/wp-json\/wp\/v2\/pages\/6384\/revisions"}],"predecessor-version":[{"id":6428,"href":"https:\/\/sylviaevents.it\/es\/wp-json\/wp\/v2\/pages\/6384\/revisions\/6428"}],"wp:attachment":[{"href":"https:\/\/sylviaevents.it\/es\/wp-json\/wp\/v2\/media?parent=6384"}],"curies":[{"name":"wp","href":"https:\/\/api.w.org\/{rel}","templated":true}]}}