{"id":6379,"date":"2022-10-21T15:38:34","date_gmt":"2022-10-21T13:38:34","guid":{"rendered":"http:\/\/sylviaevents.digisidewp.it\/contacto\/"},"modified":"2022-11-07T15:34:15","modified_gmt":"2022-11-07T14:34:15","slug":"contacto","status":"publish","type":"page","link":"https:\/\/sylviaevents.it\/es\/contacto\/","title":{"rendered":"Contacto"},"content":{"rendered":"<section class=\"cata-section cata-section-container-stretch padding-sezione remove-margin-mobile\" id=\"section_lput2frerh\" style=\"\" ><div class=\"cata-container\"><div class=\"cata-row cata-columns-gap-30\"><div class=\"cata-column wpb_column vc_column_container  col-xs-mobile-fullwidth  col-sm-6\"  id=\"column_e563ofvpvq\" style=\"\"><div class=\"cata-column-wrapper vc-column-innner-wrapper\" style=\"\"><h3 class=\"heading-title style2 text-left\" ><span>Pong\u00e1monos en contacto<\/span><\/h3><div id=\"cata_contactinfo_hu16t\" class=\"cata-contactinfo-block cata-element cata-style1\"  style=\"\"><div class=\"cata-short-desc\">Dada la infinita variedad de opciones en cada aspecto, a menudo resulta dif\u00edcil sintetizar en pocas palabras toda la organizaci\u00f3n del evento. Por esta raz\u00f3n, estamos encantados de acoger y razonar con usted, con el tiempo adecuado, sobre cada solicitud y deseo. Preferimos una conversaci\u00f3n cordial e informal a una respuesta fr\u00eda y sint\u00e9tica.<\/div><div class=\"cata-contactinfo-wrap\"><div class=\"cata-item\">\r\n\t\t\t\t\t\t\t\t<i class=\"ti-mobile\" style=\"\"><span class=\"delimiter\"><\/span><\/i>\r\n\t\t\t\t\t\t\t\t<div class=\"cata-fild-name\">Phone<\/div>\r\n\t\t\t\t\t\t\t\t<p class=\"cata-Phone\"><a href=\"tel:+39 3888524067\">+39 3888524067<\/a><\/p>\r\n\t\t\t\t\t\t\t<\/div><div class=\"cata-item\">\r\n\t\t\t\t\t\t\t\t<i class=\"ti-email\" style=\"\"><span class=\"delimiter\"><\/span><\/i>\r\n\t\t\t\t\t\t\t\t<div class=\"cata-fild-name\">Email<\/div>\r\n\t\t\t\t\t\t\t\t<p class=\"cata-Email\"><a href=\"mailto:info@sylviaevents.it\">info@sylviaevents.it<\/a><\/p>\r\n\t\t\t\t\t\t\t<\/div><\/div><\/div><div id=\"cata_empty_space_d9o81\" class=\"cata-empty-space cata-element\" style=\"height: 15px\" ><\/div><div id=\"cata_socials_sew7xskwsp\" class=\"cata-socials cata-style1 cata-align-left cata-size-nm social-primary icons-2\" ><ul><li class=\"icon-facebook\"><a href=\"https:\/\/www.facebook.com\/people\/Sylvia-Frazzetto\/100087205748879\/\"><i class=\"cicon fa-facebook\"><\/i><span class=\"line-top-left\"><\/span><span class=\"line-top-center\"><\/span><span class=\"line-top-right\"><\/span><span class=\"line-bottom-left\"><\/span><span class=\"line-bottom-center\"><\/span><span class=\"line-bottom-right\"><\/span><\/a><\/li><li class=\"icon-instagram\"><a href=\"https:\/\/www.instagram.com\/s.events.wedding_\/\"><i class=\"cicon fa-instagram\"><\/i><span class=\"line-top-left\"><\/span><span class=\"line-top-center\"><\/span><span class=\"line-top-right\"><\/span><span class=\"line-bottom-left\"><\/span><span class=\"line-bottom-center\"><\/span><span class=\"line-bottom-right\"><\/span><\/a><\/li><\/ul><\/div><\/div><\/div><div class=\"cata-column wpb_column vc_column_container  col-xs-mobile-fullwidth  col-sm-6\"  id=\"column_87t077gptz\" style=\"\"><div class=\"cata-column-wrapper vc-column-innner-wrapper\" style=\"\"><h3 class=\"heading-title style2 text-left\" ><span>Solicitar informaci\u00f3n<\/span><\/h3>\t\t<div id=\"cata_fcontact_d8t0yn5ud8\" class=\"cata-contact-form cata-element\" >\r\n\t    \t\t    \t\t<div class=\"cata-desc\">P\u00f3ngase en contacto conmigo para obtener informaci\u00f3n o concertar una cita. Campos obligatorios *<\/div>\r\n\t    \t\t    \t<div class=\"ctact-from-wrapper\">\r\n\t    \t\t\n<div class=\"wpcf7 no-js\" id=\"wpcf7-f6400-o1\" lang=\"it-IT\" dir=\"ltr\">\n<div class=\"screen-reader-response\"><p role=\"status\" aria-live=\"polite\" aria-atomic=\"true\"><\/p> <ul><\/ul><\/div>\n<form action=\"\/es\/wp-json\/wp\/v2\/pages\/6379#wpcf7-f6400-o1\" method=\"post\" class=\"wpcf7-form init\" aria-label=\"Modulo di contatto\" novalidate=\"novalidate\" data-status=\"init\">\n<div style=\"display: none;\">\n<input type=\"hidden\" name=\"_wpcf7\" value=\"6400\" \/>\n<input type=\"hidden\" name=\"_wpcf7_version\" value=\"5.7.4\" \/>\n<input type=\"hidden\" name=\"_wpcf7_locale\" value=\"it_IT\" \/>\n<input type=\"hidden\" name=\"_wpcf7_unit_tag\" value=\"wpcf7-f6400-o1\" \/>\n<input type=\"hidden\" name=\"_wpcf7_container_post\" value=\"0\" \/>\n<input type=\"hidden\" name=\"_wpcf7_posted_data_hash\" value=\"\" \/>\n<input type=\"hidden\" name=\"_wpcf7_recaptcha_response\" value=\"\" \/>\n<\/div>\n<p><span class=\"wpcf7-form-control-wrap\" data-name=\"your-name\"><input size=\"40\" class=\"wpcf7-form-control wpcf7-text wpcf7-validates-as-required\" aria-required=\"true\" aria-invalid=\"false\" placeholder=\"Su nombre\" value=\"\" type=\"text\" name=\"your-name\" \/><\/span>\n<\/p>\n<p><span class=\"wpcf7-form-control-wrap\" data-name=\"your-email\"><input size=\"40\" class=\"wpcf7-form-control wpcf7-text wpcf7-email wpcf7-validates-as-required wpcf7-validates-as-email\" aria-required=\"true\" aria-invalid=\"false\" placeholder=\"Email\" value=\"\" type=\"email\" name=\"your-email\" \/><\/span>\n<\/p>\n<p><span class=\"wpcf7-form-control-wrap\" data-name=\"your-subject\"><input size=\"40\" class=\"wpcf7-form-control wpcf7-text\" aria-invalid=\"false\" placeholder=\"Asunto\" value=\"\" type=\"text\" name=\"your-subject\" \/><\/span>\n<\/p>\n<p><span class=\"wpcf7-form-control-wrap\" data-name=\"your-message\"><textarea cols=\"40\" rows=\"10\" class=\"wpcf7-form-control wpcf7-textarea wpcf7-validates-as-required\" aria-required=\"true\" aria-invalid=\"false\" placeholder=\"Escriba su mensaje aqu\u00ed...\" name=\"your-message\"><\/textarea><\/span>\n<\/p>\n<p><span class=\"wpcf7-form-control-wrap\" data-name=\"acceptance-848\"><span class=\"wpcf7-form-control wpcf7-acceptance\"><span class=\"wpcf7-list-item\"><label><input type=\"checkbox\" name=\"acceptance-848\" value=\"1\" aria-invalid=\"false\" \/><span class=\"wpcf7-list-item-label\">He le\u00eddo la <a href=\"\/es\/privacy-policy\/\">pol\u00edtica de privacidad<\/a> y acepto las condiciones<\/span><\/label><\/span><\/span><\/span>\n<\/p>\n<p class=\"wrap-submit\"><input class=\"wpcf7-form-control has-spinner wpcf7-submit\" type=\"submit\" value=\"Invia\" \/>\n<\/p><div class=\"wpcf7-response-output\" aria-hidden=\"true\"><\/div>\n<\/form>\n<\/div>\n\t    \t<\/div> \r\n\t    <\/div>\r\n\t    <\/div><\/div><\/div><\/div><\/section>\n","protected":false},"excerpt":{"rendered":"Pong\u00e1monos en contactoDada la infinita variedad de opciones en cada aspecto, a menudo resulta dif\u00edcil sintetizar en pocas palabras toda la organizaci\u00f3n del evento. Por esta raz\u00f3n, estamos encantados de acoger y razonar con usted, [...]","protected":false},"author":1,"featured_media":0,"parent":0,"menu_order":0,"comment_status":"closed","ping_status":"closed","template":"","meta":[],"yoast_head":"<!-- This site is optimized with the Yoast SEO plugin v20.2.1 - https:\/\/yoast.com\/wordpress\/plugins\/seo\/ -->\n<title>Contacto - Sylvia Events<\/title>\n<meta name=\"robots\" content=\"index, follow, max-snippet:-1, max-image-preview:large, max-video-preview:-1\" \/>\n<link rel=\"canonical\" href=\"https:\/\/sylviaevents.it\/es\/contacto\/\" \/>\n<meta property=\"og:locale\" content=\"es_ES\" \/>\n<meta property=\"og:type\" content=\"article\" \/>\n<meta property=\"og:title\" content=\"Contacto - Sylvia Events\" \/>\n<meta property=\"og:url\" content=\"https:\/\/sylviaevents.it\/es\/contacto\/\" \/>\n<meta property=\"og:site_name\" content=\"Sylvia Events\" \/>\n<meta property=\"article:publisher\" content=\"https:\/\/www.facebook.com\/people\/Sylvia-Frazzetto\/100087205748879\/\" \/>\n<meta property=\"article:modified_time\" content=\"2022-11-07T14:34:15+00:00\" \/>\n<meta property=\"og:image\" content=\"https:\/\/sylviaevents.it\/wp-content\/uploads\/2016\/12\/bg-page-title.jpg\" \/>\n\t<meta property=\"og:image:width\" content=\"1920\" \/>\n\t<meta property=\"og:image:height\" content=\"1080\" \/>\n\t<meta property=\"og:image:type\" content=\"image\/jpeg\" \/>\n<meta name=\"twitter:card\" content=\"summary_large_image\" \/>\n<meta name=\"twitter:label1\" content=\"Tiempo de lectura\" \/>\n\t<meta name=\"twitter:data1\" content=\"1 minuto\" \/>\n<script type=\"application\/ld+json\" class=\"yoast-schema-graph\">{\"@context\":\"https:\/\/schema.org\",\"@graph\":[{\"@type\":\"WebPage\",\"@id\":\"https:\/\/sylviaevents.it\/es\/contacto\/\",\"url\":\"https:\/\/sylviaevents.it\/es\/contacto\/\",\"name\":\"Contacto - Sylvia Events\",\"isPartOf\":{\"@id\":\"https:\/\/sylviaevents.it\/#website\"},\"datePublished\":\"2022-10-21T13:38:34+00:00\",\"dateModified\":\"2022-11-07T14:34:15+00:00\",\"breadcrumb\":{\"@id\":\"https:\/\/sylviaevents.it\/es\/contacto\/#breadcrumb\"},\"inLanguage\":\"es\",\"potentialAction\":[{\"@type\":\"ReadAction\",\"target\":[\"https:\/\/sylviaevents.it\/es\/contacto\/\"]}]},{\"@type\":\"BreadcrumbList\",\"@id\":\"https:\/\/sylviaevents.it\/es\/contacto\/#breadcrumb\",\"itemListElement\":[{\"@type\":\"ListItem\",\"position\":1,\"name\":\"Home\",\"item\":\"https:\/\/sylviaevents.it\/es\/\"},{\"@type\":\"ListItem\",\"position\":2,\"name\":\"Contacto\"}]},{\"@type\":\"WebSite\",\"@id\":\"https:\/\/sylviaevents.it\/#website\",\"url\":\"https:\/\/sylviaevents.it\/\",\"name\":\"Sylvia Events\",\"description\":\"\",\"publisher\":{\"@id\":\"https:\/\/sylviaevents.it\/#organization\"},\"potentialAction\":[{\"@type\":\"SearchAction\",\"target\":{\"@type\":\"EntryPoint\",\"urlTemplate\":\"https:\/\/sylviaevents.it\/?s={search_term_string}\"},\"query-input\":\"required name=search_term_string\"}],\"inLanguage\":\"es\"},{\"@type\":\"Organization\",\"@id\":\"https:\/\/sylviaevents.it\/#organization\",\"name\":\"Sylvia Events\",\"url\":\"https:\/\/sylviaevents.it\/\",\"logo\":{\"@type\":\"ImageObject\",\"inLanguage\":\"es\",\"@id\":\"https:\/\/sylviaevents.it\/#\/schema\/logo\/image\/\",\"url\":\"https:\/\/sylviaevents.it\/wp-content\/uploads\/2017\/02\/logo-xs.png\",\"contentUrl\":\"https:\/\/sylviaevents.it\/wp-content\/uploads\/2017\/02\/logo-xs.png\",\"width\":99,\"height\":65,\"caption\":\"Sylvia Events\"},\"image\":{\"@id\":\"https:\/\/sylviaevents.it\/#\/schema\/logo\/image\/\"},\"sameAs\":[\"https:\/\/www.facebook.com\/people\/Sylvia-Frazzetto\/100087205748879\/\",\"https:\/\/www.instagram.com\/s.events.wedding_\/\"]}]}<\/script>\n<!-- \/ Yoast SEO plugin. -->","yoast_head_json":{"title":"Contacto - Sylvia Events","robots":{"index":"index","follow":"follow","max-snippet":"max-snippet:-1","max-image-preview":"max-image-preview:large","max-video-preview":"max-video-preview:-1"},"canonical":"https:\/\/sylviaevents.it\/es\/contacto\/","og_locale":"es_ES","og_type":"article","og_title":"Contacto - Sylvia Events","og_url":"https:\/\/sylviaevents.it\/es\/contacto\/","og_site_name":"Sylvia Events","article_publisher":"https:\/\/www.facebook.com\/people\/Sylvia-Frazzetto\/100087205748879\/","article_modified_time":"2022-11-07T14:34:15+00:00","og_image":[{"width":1920,"height":1080,"url":"https:\/\/sylviaevents.it\/wp-content\/uploads\/2016\/12\/bg-page-title.jpg","type":"image\/jpeg"}],"twitter_card":"summary_large_image","twitter_misc":{"Tiempo de lectura":"1 minuto"},"schema":{"@context":"https:\/\/schema.org","@graph":[{"@type":"WebPage","@id":"https:\/\/sylviaevents.it\/es\/contacto\/","url":"https:\/\/sylviaevents.it\/es\/contacto\/","name":"Contacto - Sylvia Events","isPartOf":{"@id":"https:\/\/sylviaevents.it\/#website"},"datePublished":"2022-10-21T13:38:34+00:00","dateModified":"2022-11-07T14:34:15+00:00","breadcrumb":{"@id":"https:\/\/sylviaevents.it\/es\/contacto\/#breadcrumb"},"inLanguage":"es","potentialAction":[{"@type":"ReadAction","target":["https:\/\/sylviaevents.it\/es\/contacto\/"]}]},{"@type":"BreadcrumbList","@id":"https:\/\/sylviaevents.it\/es\/contacto\/#breadcrumb","itemListElement":[{"@type":"ListItem","position":1,"name":"Home","item":"https:\/\/sylviaevents.it\/es\/"},{"@type":"ListItem","position":2,"name":"Contacto"}]},{"@type":"WebSite","@id":"https:\/\/sylviaevents.it\/#website","url":"https:\/\/sylviaevents.it\/","name":"Sylvia Events","description":"","publisher":{"@id":"https:\/\/sylviaevents.it\/#organization"},"potentialAction":[{"@type":"SearchAction","target":{"@type":"EntryPoint","urlTemplate":"https:\/\/sylviaevents.it\/?s={search_term_string}"},"query-input":"required name=search_term_string"}],"inLanguage":"es"},{"@type":"Organization","@id":"https:\/\/sylviaevents.it\/#organization","name":"Sylvia Events","url":"https:\/\/sylviaevents.it\/","logo":{"@type":"ImageObject","inLanguage":"es","@id":"https:\/\/sylviaevents.it\/#\/schema\/logo\/image\/","url":"https:\/\/sylviaevents.it\/wp-content\/uploads\/2017\/02\/logo-xs.png","contentUrl":"https:\/\/sylviaevents.it\/wp-content\/uploads\/2017\/02\/logo-xs.png","width":99,"height":65,"caption":"Sylvia Events"},"image":{"@id":"https:\/\/sylviaevents.it\/#\/schema\/logo\/image\/"},"sameAs":["https:\/\/www.facebook.com\/people\/Sylvia-Frazzetto\/100087205748879\/","https:\/\/www.instagram.com\/s.events.wedding_\/"]}]}},"_links":{"self":[{"href":"https:\/\/sylviaevents.it\/es\/wp-json\/wp\/v2\/pages\/6379"}],"collection":[{"href":"https:\/\/sylviaevents.it\/es\/wp-json\/wp\/v2\/pages"}],"about":[{"href":"https:\/\/sylviaevents.it\/es\/wp-json\/wp\/v2\/types\/page"}],"author":[{"embeddable":true,"href":"https:\/\/sylviaevents.it\/es\/wp-json\/wp\/v2\/users\/1"}],"replies":[{"embeddable":true,"href":"https:\/\/sylviaevents.it\/es\/wp-json\/wp\/v2\/comments?post=6379"}],"version-history":[{"count":5,"href":"https:\/\/sylviaevents.it\/es\/wp-json\/wp\/v2\/pages\/6379\/revisions"}],"predecessor-version":[{"id":6401,"href":"https:\/\/sylviaevents.it\/es\/wp-json\/wp\/v2\/pages\/6379\/revisions\/6401"}],"wp:attachment":[{"href":"https:\/\/sylviaevents.it\/es\/wp-json\/wp\/v2\/media?parent=6379"}],"curies":[{"name":"wp","href":"https:\/\/api.w.org\/{rel}","templated":true}]}}