{"id":6376,"date":"2022-10-21T15:19:23","date_gmt":"2022-10-21T13:19:23","guid":{"rendered":"http:\/\/sylviaevents.digisidewp.it\/colaboraciones\/"},"modified":"2022-11-11T10:22:57","modified_gmt":"2022-11-11T09:22:57","slug":"colaboraciones","status":"publish","type":"page","link":"https:\/\/sylviaevents.it\/es\/colaboraciones\/","title":{"rendered":"Colaboraciones"},"content":{"rendered":"<section class=\"cata-section cata-section-container-stretch row-full-height row-columns-middle row-content-middle cata-row-flex padding-sezione remove-margin-mobile\" id=\"section_ggu7x2woxc\" style=\" margin-bottom:0px;\" ><div class=\"cata-container\"><div class=\"cata-row cata-columns-gap-30\"><div class=\"cata-column wpb_column vc_column_container text-left  col-xs-mobile-fullwidth  col-sm-6\"  id=\"column_nka3x3ebct\" style=\"\"><div class=\"cata-column-wrapper vc-column-innner-wrapper\" style=\"\"><h3 class=\"heading-title style1 text-center has-animation\" data-animation-type=\"fadeInUp\" data-animation-duration=\"700\" data-animation-delay=\"0\"><span><i>PARTNERSHIP<\/i> Colaboraci\u00f3n con las instalaciones<\/span><\/h3><div class=\"cata-text-column cata-element  color-dark has-animation\" data-animation-type=\"fadeInUp\" data-animation-duration=\"700\" data-animation-delay=\"0\">\r\n\t\t\t\t\t<div class=\"text_wrapper\"><p style=\"text-align: center;\">Nuestros servicios tambi\u00e9n est\u00e1n dirigidos a <strong>Establecimientos de Alojamiento<\/strong>,<br \/>\n<strong>Restaurantes<\/strong>, <strong>Locaciones<\/strong>, <strong>Catering<\/strong> y <strong>Organizaciones<\/strong>.<br \/>\nSomos conscientes de que la realizaci\u00f3n de un Evento absorbe recursos considerables: <strong>Ideas<\/strong>, <strong>tiempo<\/strong>, <strong>imaginaci\u00f3n<\/strong>, <strong>atenci\u00f3n al detalle<\/strong>. Por ello, estamos a su disposici\u00f3n para ayudarle en esta labor y estaremos encantados de encargarnos, bajo su direcci\u00f3n, de la <strong>planificaci\u00f3n<\/strong> y <strong>desarrollo de la recepci\u00f3n<\/strong>. Podemos interactuar con los clientes, recopilando la informaci\u00f3n necesaria a trav\u00e9s de una entrevista.<\/p>\n<\/div>\r\n\t\t\t\t<\/div><div id=\"cata_empty_space_owfem\" class=\"cata-empty-space cata-element\" style=\"height: 15px\" ><\/div><div id=\"cata_custom_heading_cqnctitmpg\" class=\"cata-custom-heading cata-element  vc_custom_1666358671197 has-animation\" data-animation-type=\"fadeInUp\" data-animation-duration=\"700\" data-animation-delay=\"0\"><h6 style=\"font-size: 18px; text-align:center;color: #af719d; line-height: 26px; \" class=\"\"><em>Ser\u00e1 un placer para nosotros montar su local, potenciando todo su encanto. Si es cierto que la uni\u00f3n hace la fuerza, la s\u00edntesis de nuestro trabajo y vuestro puede dar lugar a la mejor soluci\u00f3n para el cliente.<\/em><\/h6><\/div><\/div><\/div><div class=\"cata-column wpb_column vc_column_container text-center has-animation mobile-margin-top-30px mobile-padding-right-15px mobile-padding-left-15px  col-xs-mobile-fullwidth  col-sm-6\" data-animation-type=\"fadeInUp\" data-animation-duration=\"700\" data-animation-delay=\"0\" id=\"column_f5nwfjblrp\" style=\"padding-left:50px;\"><div class=\"cata-column-wrapper vc-column-innner-wrapper\" style=\"\">\t\t<div id=\"cata_single_image_trdayd0dby\" class=\"cata-single-image cata-element img-center border-radius\" >\r\n\t\t\t<div><figure>\r\n\t\t\t\t<img width=\"622\" height=\"395\" src=\"https:\/\/sylviaevents.it\/wp-content\/uploads\/2022\/10\/img-dx-collaborazioni.jpg\" class=\"cata-image-img attachment-full\" alt=\"\" decoding=\"async\" loading=\"lazy\" title=\"img-dx-collaborazioni\" \/>\t\t\t<\/figure><\/div>\r\n\t\t<\/div>\r\n\t\t<\/div><\/div><\/div><\/div><\/section><section class=\"cata-section cata-section-container-stretch fascia-contatti cata-parallax-bg\" id=\"section_1vene1maxb\" data-prlx-speed=\"0.1\" style=\" margin-bottom:0;background-image: url(https:\/\/sylviaevents.it\/wp-content\/uploads\/2022\/10\/slide-richiedi-info.jpg);background-repeat: no-repeat;background-size: initial;background-position: center center;\" ><div class=\"selection-overlay\" style=\"opacity:0.5; background-color:#0a0a0a;\"><\/div><div class=\"cata-container\"><div class=\"cata-row cata-columns-gap-30\"><div class=\"cata-column wpb_column vc_column_container  col-xs-mobile-fullwidth col-sm-12\"  id=\"column_e1a5l8vh07\" style=\"\"><div class=\"cata-column-wrapper vc-column-innner-wrapper\" style=\"\">\t\t\t<div id=\"cata_callaction_5fhsrulqpp\" class=\"cata-callaction cata-style6 text-light has-animation\" data-animation-type=\"fadeInUp\" data-animation-duration=\"700\" data-animation-delay=\"0\"> \r\n\t\t\t\t\t\t\t\t\t<div class=\"content-wrapper container no-desc\">\r\n\t\t\t\t\t\t<div class=\"callaction-heading\">\r\n\t\t\t\t\t\t\t<h4>\u00bfTienes alguna pregunta?<\/h4>\r\n\t\t\t\t\t\t\t\t\r\n\t\t\t\t\t\t\t\t\t\t\t\t\t<\/div>\r\n\t\t\t\t\t\t\r\n\t\t\t\t\t\t<div class=\"callaction-btn\">\r\n\t\t\t\t\t\t<div id=\"cata_button_3v01zg32n8\" class=\"cata-button cata-btn-inline\" ><a class=\"cata-btn cata-btn-style-flat cata-btn-shape-square cata-btn-size-md\" href=\"\/es\/contacto\/\" title=\"CONT\u00c1CTAME\">CONT\u00c1CTAME<\/a><\/div>\t\t\t\t\t\t<\/div>\r\n\t\t\t\t\t<\/div>\r\n\t\t\t\t\t\t\t\t\r\n\t\t\t<\/div>\r\n\t\t<\/div><\/div><\/div><\/div><\/section>\n","protected":false},"excerpt":{"rendered":"PARTNERSHIP Colaboraci\u00f3n con las instalaciones Nuestros servicios tambi\u00e9n est\u00e1n dirigidos a Establecimientos de Alojamiento, Restaurantes, Locaciones, Catering y Organizaciones. Somos conscientes de que la realizaci\u00f3n de un Evento absorbe recursos considerables: Ideas, tiempo, imaginaci\u00f3n, atenci\u00f3n [...]","protected":false},"author":1,"featured_media":0,"parent":0,"menu_order":0,"comment_status":"closed","ping_status":"closed","template":"","meta":[],"yoast_head":"<!-- This site is optimized with the Yoast SEO plugin v20.2.1 - https:\/\/yoast.com\/wordpress\/plugins\/seo\/ -->\n<title>Colaboraciones - Sylvia Events<\/title>\n<meta name=\"robots\" content=\"index, follow, max-snippet:-1, max-image-preview:large, max-video-preview:-1\" \/>\n<link rel=\"canonical\" href=\"https:\/\/sylviaevents.it\/es\/colaboraciones\/\" \/>\n<meta property=\"og:locale\" content=\"es_ES\" \/>\n<meta property=\"og:type\" content=\"article\" \/>\n<meta property=\"og:title\" content=\"Colaboraciones - Sylvia Events\" \/>\n<meta property=\"og:url\" content=\"https:\/\/sylviaevents.it\/es\/colaboraciones\/\" \/>\n<meta property=\"og:site_name\" content=\"Sylvia Events\" \/>\n<meta property=\"article:publisher\" content=\"https:\/\/www.facebook.com\/people\/Sylvia-Frazzetto\/100087205748879\/\" \/>\n<meta property=\"article:modified_time\" content=\"2022-11-11T09:22:57+00:00\" \/>\n<meta property=\"og:image\" content=\"https:\/\/sylviaevents.it\/wp-content\/uploads\/2016\/12\/bg-page-title.jpg\" \/>\n\t<meta property=\"og:image:width\" content=\"1920\" \/>\n\t<meta property=\"og:image:height\" content=\"1080\" \/>\n\t<meta property=\"og:image:type\" content=\"image\/jpeg\" \/>\n<meta name=\"twitter:card\" content=\"summary_large_image\" \/>\n<meta name=\"twitter:label1\" content=\"Tiempo de lectura\" \/>\n\t<meta name=\"twitter:data1\" content=\"1 minuto\" \/>\n<script type=\"application\/ld+json\" class=\"yoast-schema-graph\">{\"@context\":\"https:\/\/schema.org\",\"@graph\":[{\"@type\":\"WebPage\",\"@id\":\"https:\/\/sylviaevents.it\/es\/colaboraciones\/\",\"url\":\"https:\/\/sylviaevents.it\/es\/colaboraciones\/\",\"name\":\"Colaboraciones - Sylvia Events\",\"isPartOf\":{\"@id\":\"https:\/\/sylviaevents.it\/#website\"},\"datePublished\":\"2022-10-21T13:19:23+00:00\",\"dateModified\":\"2022-11-11T09:22:57+00:00\",\"breadcrumb\":{\"@id\":\"https:\/\/sylviaevents.it\/es\/colaboraciones\/#breadcrumb\"},\"inLanguage\":\"es\",\"potentialAction\":[{\"@type\":\"ReadAction\",\"target\":[\"https:\/\/sylviaevents.it\/es\/colaboraciones\/\"]}]},{\"@type\":\"BreadcrumbList\",\"@id\":\"https:\/\/sylviaevents.it\/es\/colaboraciones\/#breadcrumb\",\"itemListElement\":[{\"@type\":\"ListItem\",\"position\":1,\"name\":\"Home\",\"item\":\"https:\/\/sylviaevents.it\/es\/\"},{\"@type\":\"ListItem\",\"position\":2,\"name\":\"Colaboraciones\"}]},{\"@type\":\"WebSite\",\"@id\":\"https:\/\/sylviaevents.it\/#website\",\"url\":\"https:\/\/sylviaevents.it\/\",\"name\":\"Sylvia Events\",\"description\":\"\",\"publisher\":{\"@id\":\"https:\/\/sylviaevents.it\/#organization\"},\"potentialAction\":[{\"@type\":\"SearchAction\",\"target\":{\"@type\":\"EntryPoint\",\"urlTemplate\":\"https:\/\/sylviaevents.it\/?s={search_term_string}\"},\"query-input\":\"required name=search_term_string\"}],\"inLanguage\":\"es\"},{\"@type\":\"Organization\",\"@id\":\"https:\/\/sylviaevents.it\/#organization\",\"name\":\"Sylvia Events\",\"url\":\"https:\/\/sylviaevents.it\/\",\"logo\":{\"@type\":\"ImageObject\",\"inLanguage\":\"es\",\"@id\":\"https:\/\/sylviaevents.it\/#\/schema\/logo\/image\/\",\"url\":\"https:\/\/sylviaevents.it\/wp-content\/uploads\/2017\/02\/logo-xs.png\",\"contentUrl\":\"https:\/\/sylviaevents.it\/wp-content\/uploads\/2017\/02\/logo-xs.png\",\"width\":99,\"height\":65,\"caption\":\"Sylvia Events\"},\"image\":{\"@id\":\"https:\/\/sylviaevents.it\/#\/schema\/logo\/image\/\"},\"sameAs\":[\"https:\/\/www.facebook.com\/people\/Sylvia-Frazzetto\/100087205748879\/\",\"https:\/\/www.instagram.com\/s.events.wedding_\/\"]}]}<\/script>\n<!-- \/ Yoast SEO plugin. -->","yoast_head_json":{"title":"Colaboraciones - Sylvia Events","robots":{"index":"index","follow":"follow","max-snippet":"max-snippet:-1","max-image-preview":"max-image-preview:large","max-video-preview":"max-video-preview:-1"},"canonical":"https:\/\/sylviaevents.it\/es\/colaboraciones\/","og_locale":"es_ES","og_type":"article","og_title":"Colaboraciones - Sylvia Events","og_url":"https:\/\/sylviaevents.it\/es\/colaboraciones\/","og_site_name":"Sylvia Events","article_publisher":"https:\/\/www.facebook.com\/people\/Sylvia-Frazzetto\/100087205748879\/","article_modified_time":"2022-11-11T09:22:57+00:00","og_image":[{"width":1920,"height":1080,"url":"https:\/\/sylviaevents.it\/wp-content\/uploads\/2016\/12\/bg-page-title.jpg","type":"image\/jpeg"}],"twitter_card":"summary_large_image","twitter_misc":{"Tiempo de lectura":"1 minuto"},"schema":{"@context":"https:\/\/schema.org","@graph":[{"@type":"WebPage","@id":"https:\/\/sylviaevents.it\/es\/colaboraciones\/","url":"https:\/\/sylviaevents.it\/es\/colaboraciones\/","name":"Colaboraciones - Sylvia Events","isPartOf":{"@id":"https:\/\/sylviaevents.it\/#website"},"datePublished":"2022-10-21T13:19:23+00:00","dateModified":"2022-11-11T09:22:57+00:00","breadcrumb":{"@id":"https:\/\/sylviaevents.it\/es\/colaboraciones\/#breadcrumb"},"inLanguage":"es","potentialAction":[{"@type":"ReadAction","target":["https:\/\/sylviaevents.it\/es\/colaboraciones\/"]}]},{"@type":"BreadcrumbList","@id":"https:\/\/sylviaevents.it\/es\/colaboraciones\/#breadcrumb","itemListElement":[{"@type":"ListItem","position":1,"name":"Home","item":"https:\/\/sylviaevents.it\/es\/"},{"@type":"ListItem","position":2,"name":"Colaboraciones"}]},{"@type":"WebSite","@id":"https:\/\/sylviaevents.it\/#website","url":"https:\/\/sylviaevents.it\/","name":"Sylvia Events","description":"","publisher":{"@id":"https:\/\/sylviaevents.it\/#organization"},"potentialAction":[{"@type":"SearchAction","target":{"@type":"EntryPoint","urlTemplate":"https:\/\/sylviaevents.it\/?s={search_term_string}"},"query-input":"required name=search_term_string"}],"inLanguage":"es"},{"@type":"Organization","@id":"https:\/\/sylviaevents.it\/#organization","name":"Sylvia Events","url":"https:\/\/sylviaevents.it\/","logo":{"@type":"ImageObject","inLanguage":"es","@id":"https:\/\/sylviaevents.it\/#\/schema\/logo\/image\/","url":"https:\/\/sylviaevents.it\/wp-content\/uploads\/2017\/02\/logo-xs.png","contentUrl":"https:\/\/sylviaevents.it\/wp-content\/uploads\/2017\/02\/logo-xs.png","width":99,"height":65,"caption":"Sylvia Events"},"image":{"@id":"https:\/\/sylviaevents.it\/#\/schema\/logo\/image\/"},"sameAs":["https:\/\/www.facebook.com\/people\/Sylvia-Frazzetto\/100087205748879\/","https:\/\/www.instagram.com\/s.events.wedding_\/"]}]}},"_links":{"self":[{"href":"https:\/\/sylviaevents.it\/es\/wp-json\/wp\/v2\/pages\/6376"}],"collection":[{"href":"https:\/\/sylviaevents.it\/es\/wp-json\/wp\/v2\/pages"}],"about":[{"href":"https:\/\/sylviaevents.it\/es\/wp-json\/wp\/v2\/types\/page"}],"author":[{"embeddable":true,"href":"https:\/\/sylviaevents.it\/es\/wp-json\/wp\/v2\/users\/1"}],"replies":[{"embeddable":true,"href":"https:\/\/sylviaevents.it\/es\/wp-json\/wp\/v2\/comments?post=6376"}],"version-history":[{"count":5,"href":"https:\/\/sylviaevents.it\/es\/wp-json\/wp\/v2\/pages\/6376\/revisions"}],"predecessor-version":[{"id":6431,"href":"https:\/\/sylviaevents.it\/es\/wp-json\/wp\/v2\/pages\/6376\/revisions\/6431"}],"wp:attachment":[{"href":"https:\/\/sylviaevents.it\/es\/wp-json\/wp\/v2\/media?parent=6376"}],"curies":[{"name":"wp","href":"https:\/\/api.w.org\/{rel}","templated":true}]}}