{"id":6374,"date":"2016-12-26T15:49:52","date_gmt":"2016-12-26T14:49:52","guid":{"rendered":"http:\/\/sylviaevents.digisidewp.it\/blog\/"},"modified":"2023-01-09T17:01:19","modified_gmt":"2023-01-09T16:01:19","slug":"blog","status":"publish","type":"page","link":"https:\/\/sylviaevents.it\/es\/blog\/","title":{"rendered":"Blog"},"content":{"rendered":"<section class=\"cata-section cata-section-container-stretch padding-sezione\" id=\"section_1byw97otk5\" style=\"\" ><div class=\"cata-container\"><div class=\"cata-row cata-columns-gap-30\"><div class=\"cata-column wpb_column vc_column_container  col-xs-mobile-fullwidth col-sm-12\"  id=\"column_6wwkm0um54\" style=\"\"><div class=\"cata-column-wrapper vc-column-innner-wrapper\" style=\"\">\t\t\t\r\n\t\t\t\t\r\n\t\t\t<div id=\"cata_post_313756842\" class=\"cata-element cata-post cata-post-list\" > \r\n\t\t\t\t\r\n\t\t\t\t\t\t\t\t<div class=\"cata-isotope-container\" data-slick='[]'>\r\n\t\t\t\t\r\n\t\t\t\t\t\t\t\t\t\r\n\t\t\t\t\t\t\t\t\t<article id=\"post-6583\" class=\"post matrimoni-es cata-blog-item cata-isotope-item cata-blog-first post-6583 type-post status-publish format-standard has-post-thumbnail hentry category-matrimoni-es tag-bigday-es tag-chairs-es tag-colours-es tag-eventplanner-es tag-events-es tag-fun-es tag-gettingready-es tag-happy-es tag-ideas-es tag-letsgetcreative-es tag-loveislove-es tag-music-es tag-smileitsyourturn-es tag-table-es tag-venue-es tag-weddings-es tag-weddingtimes-es\">\r\n\t\t\t\t\t\t<div class=\"item cata-has-animation cata-fadeInUp\">\r\n\t\t\t\t\t\t\t<div class=\"cata-heart-line cata-has-animation cata-fadeInUp\"><\/div>\t\r\n\t\t\t<header class=\"entry-header\">\r\n\t\t\t\t\t\t<h3 class=\"cata-blog-item-title\">\r\n\t\t\t\t\t\t\t\t<a href=\"https:\/\/sylviaevents.it\/es\/2023\/02\/04\/piccoli-dettagli\/\" rel=\"bookmark\">Peque\u00f1os Detalles \ud83d\ude42<\/a>\r\n\t\t\t<\/h3>\r\n\t\t\t<div class=\"meta-info\">\r\n\t\t\t\t<ul class=\"list-inline entry-meta\"><li class=\"meta-date\"> 4 febrero 2023 <\/li><li class=\"meta-seperate\"><\/li><li class=\"meta-categories\"><span>In<\/span><a href=\"https:\/\/sylviaevents.it\/es\/category\/matrimoni-es\/\" rel=\"category tag\">Matrimoni<\/a><\/li><li class=\"meta-seperate\"><\/li><\/ul>\t\t\t<\/div>\r\n\t\t<\/header> \r\n\t\t\t\t\r\n\t\t<div class=\"entry-content\">\r\n\t\t\t<div class=\"post-default cata-post-format\">\r\n\t\t\t\t<!-- <div class=\"cata-share-socials\"><\/div> -->\r\n\t\t\t\t<a href=\"https:\/\/sylviaevents.it\/es\/2023\/02\/04\/piccoli-dettagli\/\" title=\"Peque\u00f1os Detalles :)\"><figure class=\"entry-thumbnail\">\r\n\t\t\t\t\t\t\t<img src=\"https:\/\/sylviaevents.it\/wp-content\/uploads\/revslider\/background_03-1170x658.jpg\" class=\"attachment-post-thumbnail wp-post-image\" alt=\"Peque\u00f1os Detalles :)\">\r\n\t\t\t\t\t\t<\/figure><\/a>\t\t\t<\/div>\r\n\t\t\t\r\n\t\t\t\t\t\t\t\t\t<div class=\"cata-blog-item-excerpt\">\r\n\t\t\tAqui estamos de nuevo, pro entraremos en los detalles de lo que necesitar\u00e1 nuestro Venue. Mesas y sillas: podemos tenerlas redondas con sillas Chiavarina para dejar descubiertas o adornar parcialmente con una decoraci\u00f3n en tul, \t\t\t\t\t<div class=\"clear\"><\/div>\r\n\t\t\t\t\t<a href=\"https:\/\/sylviaevents.it\/es\/2023\/02\/04\/piccoli-dettagli\/\" class=\"read-more\">\r\n\t\t\t\t\t\t<span class=\"more-arrow\"><i class=\"fa fa-caret-right\"><\/i><\/span>\r\n\t\t\t\t\t\tRead More\t\t\t\t\t<\/a>\r\n\t\t\t\t\t<\/div>\r\n\t\t\t\t\t\t\t<\/div>\r\n\t\r\n\t\t\r\n\t\t\t\t\t\t\t\r\n\t\t\t\t\t\t\t\t\r\n\t\t\t\t\t\t\t\r\n\t\t\t\t\t\t\t\t\r\n\t\t\t\t\t\t\t\r\n\t\t\t\t\t\t<\/div>\r\n\t\t\t\t\t<\/article>\r\n\t\t\t\t\t\t\t\t\t<article id=\"post-6568\" class=\"post matrimoni-es cata-blog-item cata-isotope-item post-6568 type-post status-publish format-standard has-post-thumbnail hentry category-matrimoni-es tag-colours-es tag-eventplanner-es tag-loveweddings-es tag-loveyourself-es tag-planner-es-2 tag-weddingtimes-es\">\r\n\t\t\t\t\t\t<div class=\"item cata-has-animation cata-fadeInUp\">\r\n\t\t\t\t\t\t\t<div class=\"cata-heart-line cata-has-animation cata-fadeInUp\"><\/div>\t\r\n\t\t\t<header class=\"entry-header\">\r\n\t\t\t\t\t\t<h3 class=\"cata-blog-item-title\">\r\n\t\t\t\t\t\t\t\t<a href=\"https:\/\/sylviaevents.it\/es\/2023\/01\/20\/coloriamoci-di-fantasia\/\" rel=\"bookmark\">Vamos a color\u00e9monos de fantasia \ud83d\ude42<\/a>\r\n\t\t\t<\/h3>\r\n\t\t\t<div class=\"meta-info\">\r\n\t\t\t\t<ul class=\"list-inline entry-meta\"><li class=\"meta-date\"> 20 enero 2023 <\/li><li class=\"meta-seperate\"><\/li><li class=\"meta-categories\"><span>In<\/span><a href=\"https:\/\/sylviaevents.it\/es\/category\/matrimoni-es\/\" rel=\"category tag\">Matrimoni<\/a><\/li><li class=\"meta-seperate\"><\/li><\/ul>\t\t\t<\/div>\r\n\t\t<\/header> \r\n\t\t\t\t\r\n\t\t<div class=\"entry-content\">\r\n\t\t\t<div class=\"post-default cata-post-format\">\r\n\t\t\t\t<!-- <div class=\"cata-share-socials\"><\/div> -->\r\n\t\t\t\t<a href=\"https:\/\/sylviaevents.it\/es\/2023\/01\/20\/coloriamoci-di-fantasia\/\" title=\"Vamos a color\u00e9monos de fantasia :)\"><figure class=\"entry-thumbnail\">\r\n\t\t\t\t\t\t\t<img src=\"https:\/\/sylviaevents.it\/wp-content\/uploads\/revslider\/background_37-1170x658.jpg\" class=\"attachment-post-thumbnail wp-post-image\" alt=\"Vamos a color\u00e9monos de fantasia :)\">\r\n\t\t\t\t\t\t<\/figure><\/a>\t\t\t<\/div>\r\n\t\t\t\r\n\t\t\t\t\t\t\t\t\t<div class=\"cata-blog-item-excerpt\">\r\n\t\t\tVenue.. \u00a1Hemos llegado al momento tan esperado de los peque\u00f1os, grandes detalles incre\u00edbles de la configuraci\u00f3n! \u00bfCu\u00e1ntas ideas desatar y cu\u00e1ntos colores usar? \u00a1Todos, enf\u00f3quense, emparejen y decidan qu\u00e9 es lo mejor para nosotros! Elegir \t\t\t\t\t<div class=\"clear\"><\/div>\r\n\t\t\t\t\t<a href=\"https:\/\/sylviaevents.it\/es\/2023\/01\/20\/coloriamoci-di-fantasia\/\" class=\"read-more\">\r\n\t\t\t\t\t\t<span class=\"more-arrow\"><i class=\"fa fa-caret-right\"><\/i><\/span>\r\n\t\t\t\t\t\tRead More\t\t\t\t\t<\/a>\r\n\t\t\t\t\t<\/div>\r\n\t\t\t\t\t\t\t<\/div>\r\n\t\r\n\t\t\r\n\t\t\t\t\t\t\t\r\n\t\t\t\t\t\t\t\t\r\n\t\t\t\t\t\t\t\r\n\t\t\t\t\t\t\t\t\r\n\t\t\t\t\t\t\t\r\n\t\t\t\t\t\t<\/div>\r\n\t\t\t\t\t<\/article>\r\n\t\t\t\t\t\t\t\t\t<article id=\"post-6555\" class=\"post matrimoni-es cata-blog-item cata-isotope-item post-6555 type-post status-publish format-standard has-post-thumbnail hentry category-matrimoni-es tag-bouquet-es tag-colours-es tag-flowers-es tag-smileitsyourturn-es tag-swarovski-es tag-weddings-es\">\r\n\t\t\t\t\t\t<div class=\"item cata-has-animation cata-fadeInUp\">\r\n\t\t\t\t\t\t\t<div class=\"cata-heart-line cata-has-animation cata-fadeInUp\"><\/div>\t\r\n\t\t\t<header class=\"entry-header\">\r\n\t\t\t\t\t\t<h3 class=\"cata-blog-item-title\">\r\n\t\t\t\t\t\t\t\t<a href=\"https:\/\/sylviaevents.it\/es\/2023\/01\/07\/e-tempo-di-bouquet\/\" rel=\"bookmark\">\u00c8 tempo di Bouquet!<\/a>\r\n\t\t\t<\/h3>\r\n\t\t\t<div class=\"meta-info\">\r\n\t\t\t\t<ul class=\"list-inline entry-meta\"><li class=\"meta-date\"> 7 enero 2023 <\/li><li class=\"meta-seperate\"><\/li><li class=\"meta-categories\"><span>In<\/span><a href=\"https:\/\/sylviaevents.it\/es\/category\/matrimoni-es\/\" rel=\"category tag\">Matrimoni<\/a><\/li><li class=\"meta-seperate\"><\/li><\/ul>\t\t\t<\/div>\r\n\t\t<\/header> \r\n\t\t\t\t\r\n\t\t<div class=\"entry-content\">\r\n\t\t\t<div class=\"post-default cata-post-format\">\r\n\t\t\t\t<!-- <div class=\"cata-share-socials\"><\/div> -->\r\n\t\t\t\t<a href=\"https:\/\/sylviaevents.it\/es\/2023\/01\/07\/e-tempo-di-bouquet\/\" title=\"\u00c8 tempo di Bouquet!\"><figure class=\"entry-thumbnail\">\r\n\t\t\t\t\t\t\t<img src=\"https:\/\/sylviaevents.it\/wp-content\/uploads\/2016\/12\/img-anteprima-grid-01-987x658.jpg\" class=\"attachment-post-thumbnail wp-post-image\" alt=\"\u00c8 tempo di Bouquet!\">\r\n\t\t\t\t\t\t<\/figure><\/a>\t\t\t<\/div>\r\n\t\t\t\r\n\t\t\t\t\t\t\t\t\t<div class=\"cata-blog-item-excerpt\">\r\n\t\t\tBellas lectoras, hemos llegado a la elecci\u00f2n del Bouquet.. demos espacio a la creatividad y a nuestro estilo. Una soluci\u00f3n para cada necesidad, cada deseo y creencia. Como hay una gran variedad de ideas, dir\u00eda \t\t\t\t\t<div class=\"clear\"><\/div>\r\n\t\t\t\t\t<a href=\"https:\/\/sylviaevents.it\/es\/2023\/01\/07\/e-tempo-di-bouquet\/\" class=\"read-more\">\r\n\t\t\t\t\t\t<span class=\"more-arrow\"><i class=\"fa fa-caret-right\"><\/i><\/span>\r\n\t\t\t\t\t\tRead More\t\t\t\t\t<\/a>\r\n\t\t\t\t\t<\/div>\r\n\t\t\t\t\t\t\t<\/div>\r\n\t\r\n\t\t\r\n\t\t\t\t\t\t\t\r\n\t\t\t\t\t\t\t\t\r\n\t\t\t\t\t\t\t\r\n\t\t\t\t\t\t\t\t\r\n\t\t\t\t\t\t\t\r\n\t\t\t\t\t\t<\/div>\r\n\t\t\t\t\t<\/article>\r\n\t\t\t\t\t\t\t\t\t<article id=\"post-6514\" class=\"post sin-categorizar cata-blog-item cata-isotope-item post-6514 type-post status-publish format-standard has-post-thumbnail hentry category-sin-categorizar tag-boda tag-brillamos tag-corona tag-novia tag-tiara-es tag-zapatos\">\r\n\t\t\t\t\t\t<div class=\"item cata-has-animation cata-fadeInUp\">\r\n\t\t\t\t\t\t\t<div class=\"cata-heart-line cata-has-animation cata-fadeInUp\"><\/div>\t\r\n\t\t\t<header class=\"entry-header\">\r\n\t\t\t\t\t\t<h3 class=\"cata-blog-item-title\">\r\n\t\t\t\t\t\t\t\t<a href=\"https:\/\/sylviaevents.it\/es\/2023\/01\/03\/romantico-brillante-y\/\" rel=\"bookmark\">Rom\u00e1ntico, Brillante y\u2026<\/a>\r\n\t\t\t<\/h3>\r\n\t\t\t<div class=\"meta-info\">\r\n\t\t\t\t<ul class=\"list-inline entry-meta\"><li class=\"meta-date\"> 3 enero 2023 <\/li><li class=\"meta-seperate\"><\/li><li class=\"meta-categories\"><span>In<\/span><a href=\"https:\/\/sylviaevents.it\/es\/category\/sin-categorizar\/\" rel=\"category tag\">Sin categorizar<\/a><\/li><li class=\"meta-seperate\"><\/li><\/ul>\t\t\t<\/div>\r\n\t\t<\/header> \r\n\t\t\t\t\r\n\t\t<div class=\"entry-content\">\r\n\t\t\t<div class=\"post-default cata-post-format\">\r\n\t\t\t\t<!-- <div class=\"cata-share-socials\"><\/div> -->\r\n\t\t\t\t<a href=\"https:\/\/sylviaevents.it\/es\/2023\/01\/03\/romantico-brillante-y\/\" title=\"Rom\u00e1ntico, Brillante y\u2026\"><figure class=\"entry-thumbnail\">\r\n\t\t\t\t\t\t\t<img src=\"https:\/\/sylviaevents.it\/wp-content\/uploads\/2016\/12\/img-anteprima-grid-03-439x658.jpg\" class=\"attachment-post-thumbnail wp-post-image\" alt=\"Rom\u00e1ntico, Brillante y\u2026\">\r\n\t\t\t\t\t\t<\/figure><\/a>\t\t\t<\/div>\r\n\t\t\t\r\n\t\t\t\t\t\t\t\t\t<div class=\"cata-blog-item-excerpt\">\r\n\t\t\tLa \u00faltima vez hablamos de la importancia del vestido de novia y no aconsej\u00e9 ni opin\u00e9 espec\u00edficamente sobre un modelo m\u00e1s que sobre otro porque ya dicho, demasiado personal pero, con un vestido bonito siempre \t\t\t\t\t<div class=\"clear\"><\/div>\r\n\t\t\t\t\t<a href=\"https:\/\/sylviaevents.it\/es\/2023\/01\/03\/romantico-brillante-y\/\" class=\"read-more\">\r\n\t\t\t\t\t\t<span class=\"more-arrow\"><i class=\"fa fa-caret-right\"><\/i><\/span>\r\n\t\t\t\t\t\tRead More\t\t\t\t\t<\/a>\r\n\t\t\t\t\t<\/div>\r\n\t\t\t\t\t\t\t<\/div>\r\n\t\r\n\t\t\r\n\t\t\t\t\t\t\t\r\n\t\t\t\t\t\t\t\t\r\n\t\t\t\t\t\t\t\r\n\t\t\t\t\t\t\t\t\r\n\t\t\t\t\t\t\t\r\n\t\t\t\t\t\t<\/div>\r\n\t\t\t\t\t<\/article>\r\n\t\t\t\t\t\t\t\t\t<article id=\"post-6544\" class=\"post matrimoni-es cata-blog-item cata-isotope-item post-6544 type-post status-publish format-standard has-post-thumbnail hentry category-matrimoni-es tag-loveislove-es tag-loveyourself-es tag-smileitsyourturn-es tag-weddingdresses-es tag-weddings-es tag-weddingtimes-es\">\r\n\t\t\t\t\t\t<div class=\"item cata-has-animation cata-fadeInUp\">\r\n\t\t\t\t\t\t\t<div class=\"cata-heart-line cata-has-animation cata-fadeInUp\"><\/div>\t\r\n\t\t\t<header class=\"entry-header\">\r\n\t\t\t\t\t\t<h3 class=\"cata-blog-item-title\">\r\n\t\t\t\t\t\t\t\t<a href=\"https:\/\/sylviaevents.it\/es\/2022\/12\/01\/me-and-the-white-dress\/\" rel=\"bookmark\">Me and the White Dress.<\/a>\r\n\t\t\t<\/h3>\r\n\t\t\t<div class=\"meta-info\">\r\n\t\t\t\t<ul class=\"list-inline entry-meta\"><li class=\"meta-date\"> 1 diciembre 2022 <\/li><li class=\"meta-seperate\"><\/li><li class=\"meta-categories\"><span>In<\/span><a href=\"https:\/\/sylviaevents.it\/es\/category\/matrimoni-es\/\" rel=\"category tag\">Matrimoni<\/a><\/li><li class=\"meta-seperate\"><\/li><\/ul>\t\t\t<\/div>\r\n\t\t<\/header> \r\n\t\t\t\t\r\n\t\t<div class=\"entry-content\">\r\n\t\t\t<div class=\"post-default cata-post-format\">\r\n\t\t\t\t<!-- <div class=\"cata-share-socials\"><\/div> -->\r\n\t\t\t\t<a href=\"https:\/\/sylviaevents.it\/es\/2022\/12\/01\/me-and-the-white-dress\/\" title=\"Me and the White Dress.\"><figure class=\"entry-thumbnail\">\r\n\t\t\t\t\t\t\t<img src=\"https:\/\/sylviaevents.it\/wp-content\/uploads\/revslider\/background_33-1170x658.jpg\" class=\"attachment-post-thumbnail wp-post-image\" alt=\"Me and the White Dress.\">\r\n\t\t\t\t\t\t<\/figure><\/a>\t\t\t<\/div>\r\n\t\t\t\r\n\t\t\t\t\t\t\t\t\t<div class=\"cata-blog-item-excerpt\">\r\n\t\t\tHay momentos en la ida que son imborrables y, lo que los hace no son solo el contorno sino las personas de las que nos rodeamos. Una boda no es solo una celebraci\u00f3n de los \t\t\t\t\t<div class=\"clear\"><\/div>\r\n\t\t\t\t\t<a href=\"https:\/\/sylviaevents.it\/es\/2022\/12\/01\/me-and-the-white-dress\/\" class=\"read-more\">\r\n\t\t\t\t\t\t<span class=\"more-arrow\"><i class=\"fa fa-caret-right\"><\/i><\/span>\r\n\t\t\t\t\t\tRead More\t\t\t\t\t<\/a>\r\n\t\t\t\t\t<\/div>\r\n\t\t\t\t\t\t\t<\/div>\r\n\t\r\n\t\t\r\n\t\t\t\t\t\t\t\r\n\t\t\t\t\t\t\t\t\r\n\t\t\t\t\t\t\t\r\n\t\t\t\t\t\t\t\t\r\n\t\t\t\t\t\t\t\r\n\t\t\t\t\t\t<\/div>\r\n\t\t\t\t\t<\/article>\r\n\t\t\t\t\t\t\t\t<\/div>\r\n\t\t\t\r\n\t\t\t\r\n\t\t\t<div class=\"clear\"><\/div> \r\n\t\t\t\t\t\t\t\r\n\t\t\t\t\t\t\t\t\t<div class=\"end_content\">\r\n\t\t\t\t\t   \t\t\t\t\t<\/div>\r\n\t\t\t\t\t\t\t\t\t\t<\/div>\r\n\t\t\t\t<\/div><\/div><\/div><\/div><\/section>\n","protected":false},"excerpt":{"rendered":"Hay momentos en la ida que son imborrables y, lo que los hace no son solo el contorno sino las personas de las que nos rodeamos. Una boda no es solo una celebraci\u00f3n de los [...]","protected":false},"author":1,"featured_media":6042,"parent":0,"menu_order":0,"comment_status":"closed","ping_status":"closed","template":"","meta":[],"yoast_head":"<!-- This site is optimized with the Yoast SEO plugin v20.2.1 - https:\/\/yoast.com\/wordpress\/plugins\/seo\/ -->\n<title>Blog - Sylvia Events<\/title>\n<meta name=\"robots\" content=\"index, follow, max-snippet:-1, max-image-preview:large, max-video-preview:-1\" \/>\n<link rel=\"canonical\" href=\"https:\/\/sylviaevents.it\/es\/blog\/\" \/>\n<meta property=\"og:locale\" content=\"es_ES\" \/>\n<meta property=\"og:type\" content=\"article\" \/>\n<meta property=\"og:title\" content=\"Blog - Sylvia Events\" \/>\n<meta property=\"og:url\" content=\"https:\/\/sylviaevents.it\/es\/blog\/\" \/>\n<meta property=\"og:site_name\" content=\"Sylvia Events\" \/>\n<meta property=\"article:publisher\" content=\"https:\/\/www.facebook.com\/people\/Sylvia-Frazzetto\/100087205748879\/\" \/>\n<meta property=\"article:modified_time\" content=\"2023-01-09T16:01:19+00:00\" \/>\n<meta property=\"og:image\" content=\"https:\/\/sylviaevents.it\/wp-content\/uploads\/revslider\/background_33.jpg\" \/>\n\t<meta property=\"og:image:width\" content=\"1920\" \/>\n\t<meta property=\"og:image:height\" content=\"1080\" \/>\n\t<meta property=\"og:image:type\" content=\"image\/jpeg\" \/>\n<meta name=\"twitter:card\" content=\"summary_large_image\" \/>\n<script type=\"application\/ld+json\" class=\"yoast-schema-graph\">{\"@context\":\"https:\/\/schema.org\",\"@graph\":[{\"@type\":\"WebPage\",\"@id\":\"https:\/\/sylviaevents.it\/es\/blog\/\",\"url\":\"https:\/\/sylviaevents.it\/es\/blog\/\",\"name\":\"Blog - Sylvia Events\",\"isPartOf\":{\"@id\":\"https:\/\/sylviaevents.it\/#website\"},\"datePublished\":\"2016-12-26T14:49:52+00:00\",\"dateModified\":\"2023-01-09T16:01:19+00:00\",\"breadcrumb\":{\"@id\":\"https:\/\/sylviaevents.it\/es\/blog\/#breadcrumb\"},\"inLanguage\":\"es\",\"potentialAction\":[{\"@type\":\"ReadAction\",\"target\":[\"https:\/\/sylviaevents.it\/es\/blog\/\"]}]},{\"@type\":\"BreadcrumbList\",\"@id\":\"https:\/\/sylviaevents.it\/es\/blog\/#breadcrumb\",\"itemListElement\":[{\"@type\":\"ListItem\",\"position\":1,\"name\":\"Home\",\"item\":\"https:\/\/sylviaevents.it\/es\/\"},{\"@type\":\"ListItem\",\"position\":2,\"name\":\"Blog\"}]},{\"@type\":\"WebSite\",\"@id\":\"https:\/\/sylviaevents.it\/#website\",\"url\":\"https:\/\/sylviaevents.it\/\",\"name\":\"Sylvia Events\",\"description\":\"\",\"publisher\":{\"@id\":\"https:\/\/sylviaevents.it\/#organization\"},\"potentialAction\":[{\"@type\":\"SearchAction\",\"target\":{\"@type\":\"EntryPoint\",\"urlTemplate\":\"https:\/\/sylviaevents.it\/?s={search_term_string}\"},\"query-input\":\"required name=search_term_string\"}],\"inLanguage\":\"es\"},{\"@type\":\"Organization\",\"@id\":\"https:\/\/sylviaevents.it\/#organization\",\"name\":\"Sylvia Events\",\"url\":\"https:\/\/sylviaevents.it\/\",\"logo\":{\"@type\":\"ImageObject\",\"inLanguage\":\"es\",\"@id\":\"https:\/\/sylviaevents.it\/#\/schema\/logo\/image\/\",\"url\":\"https:\/\/sylviaevents.it\/wp-content\/uploads\/2017\/02\/logo-xs.png\",\"contentUrl\":\"https:\/\/sylviaevents.it\/wp-content\/uploads\/2017\/02\/logo-xs.png\",\"width\":99,\"height\":65,\"caption\":\"Sylvia Events\"},\"image\":{\"@id\":\"https:\/\/sylviaevents.it\/#\/schema\/logo\/image\/\"},\"sameAs\":[\"https:\/\/www.facebook.com\/people\/Sylvia-Frazzetto\/100087205748879\/\",\"https:\/\/www.instagram.com\/s.events.wedding_\/\"]}]}<\/script>\n<!-- \/ Yoast SEO plugin. -->","yoast_head_json":{"title":"Blog - Sylvia Events","robots":{"index":"index","follow":"follow","max-snippet":"max-snippet:-1","max-image-preview":"max-image-preview:large","max-video-preview":"max-video-preview:-1"},"canonical":"https:\/\/sylviaevents.it\/es\/blog\/","og_locale":"es_ES","og_type":"article","og_title":"Blog - Sylvia Events","og_url":"https:\/\/sylviaevents.it\/es\/blog\/","og_site_name":"Sylvia Events","article_publisher":"https:\/\/www.facebook.com\/people\/Sylvia-Frazzetto\/100087205748879\/","article_modified_time":"2023-01-09T16:01:19+00:00","og_image":[{"width":1920,"height":1080,"url":"https:\/\/sylviaevents.it\/wp-content\/uploads\/revslider\/background_33.jpg","type":"image\/jpeg"}],"twitter_card":"summary_large_image","schema":{"@context":"https:\/\/schema.org","@graph":[{"@type":"WebPage","@id":"https:\/\/sylviaevents.it\/es\/blog\/","url":"https:\/\/sylviaevents.it\/es\/blog\/","name":"Blog - Sylvia Events","isPartOf":{"@id":"https:\/\/sylviaevents.it\/#website"},"datePublished":"2016-12-26T14:49:52+00:00","dateModified":"2023-01-09T16:01:19+00:00","breadcrumb":{"@id":"https:\/\/sylviaevents.it\/es\/blog\/#breadcrumb"},"inLanguage":"es","potentialAction":[{"@type":"ReadAction","target":["https:\/\/sylviaevents.it\/es\/blog\/"]}]},{"@type":"BreadcrumbList","@id":"https:\/\/sylviaevents.it\/es\/blog\/#breadcrumb","itemListElement":[{"@type":"ListItem","position":1,"name":"Home","item":"https:\/\/sylviaevents.it\/es\/"},{"@type":"ListItem","position":2,"name":"Blog"}]},{"@type":"WebSite","@id":"https:\/\/sylviaevents.it\/#website","url":"https:\/\/sylviaevents.it\/","name":"Sylvia Events","description":"","publisher":{"@id":"https:\/\/sylviaevents.it\/#organization"},"potentialAction":[{"@type":"SearchAction","target":{"@type":"EntryPoint","urlTemplate":"https:\/\/sylviaevents.it\/?s={search_term_string}"},"query-input":"required name=search_term_string"}],"inLanguage":"es"},{"@type":"Organization","@id":"https:\/\/sylviaevents.it\/#organization","name":"Sylvia Events","url":"https:\/\/sylviaevents.it\/","logo":{"@type":"ImageObject","inLanguage":"es","@id":"https:\/\/sylviaevents.it\/#\/schema\/logo\/image\/","url":"https:\/\/sylviaevents.it\/wp-content\/uploads\/2017\/02\/logo-xs.png","contentUrl":"https:\/\/sylviaevents.it\/wp-content\/uploads\/2017\/02\/logo-xs.png","width":99,"height":65,"caption":"Sylvia Events"},"image":{"@id":"https:\/\/sylviaevents.it\/#\/schema\/logo\/image\/"},"sameAs":["https:\/\/www.facebook.com\/people\/Sylvia-Frazzetto\/100087205748879\/","https:\/\/www.instagram.com\/s.events.wedding_\/"]}]}},"_links":{"self":[{"href":"https:\/\/sylviaevents.it\/es\/wp-json\/wp\/v2\/pages\/6374"}],"collection":[{"href":"https:\/\/sylviaevents.it\/es\/wp-json\/wp\/v2\/pages"}],"about":[{"href":"https:\/\/sylviaevents.it\/es\/wp-json\/wp\/v2\/types\/page"}],"author":[{"embeddable":true,"href":"https:\/\/sylviaevents.it\/es\/wp-json\/wp\/v2\/users\/1"}],"replies":[{"embeddable":true,"href":"https:\/\/sylviaevents.it\/es\/wp-json\/wp\/v2\/comments?post=6374"}],"version-history":[{"count":4,"href":"https:\/\/sylviaevents.it\/es\/wp-json\/wp\/v2\/pages\/6374\/revisions"}],"predecessor-version":[{"id":6541,"href":"https:\/\/sylviaevents.it\/es\/wp-json\/wp\/v2\/pages\/6374\/revisions\/6541"}],"wp:featuredmedia":[{"embeddable":true,"href":"https:\/\/sylviaevents.it\/es\/wp-json\/wp\/v2\/media\/6042"}],"wp:attachment":[{"href":"https:\/\/sylviaevents.it\/es\/wp-json\/wp\/v2\/media?parent=6374"}],"curies":[{"name":"wp","href":"https:\/\/api.w.org\/{rel}","templated":true}]}}