{"id":6371,"date":"2017-03-04T16:14:36","date_gmt":"2017-03-04T15:14:36","guid":{"rendered":"http:\/\/sylviaevents.digisidewp.it\/sobre-mi\/"},"modified":"2022-11-11T09:36:57","modified_gmt":"2022-11-11T08:36:57","slug":"sobre-mi","status":"publish","type":"page","link":"https:\/\/sylviaevents.it\/es\/sobre-mi\/","title":{"rendered":"Sobre m\u00ed"},"content":{"rendered":"<section class=\"cata-section cata-section-container-stretch row-full-height row-columns-middle row-content-middle cata-row-flex padding-sezione remove-margin-mobile\" id=\"section_g8wb5k3w5c\" style=\" margin-bottom:0px;\" ><div class=\"cata-container\"><div class=\"cata-row cata-columns-gap-30\"><div class=\"cata-column wpb_column vc_column_container text-left  col-xs-mobile-fullwidth  col-sm-6\"  id=\"column_lpuqcqeotq\" style=\"\"><div class=\"cata-column-wrapper vc-column-innner-wrapper\" style=\"\"><h3 class=\"heading-title style1 text-center has-animation\" data-animation-type=\"fadeInUp\" data-animation-duration=\"700\" data-animation-delay=\"0\"><span><i>ABOUT ME<\/i> \u00a1Hola! Soy Sylvia<\/span><\/h3><div class=\"cata-text-column cata-element  color-dark has-animation\" data-animation-type=\"fadeInUp\" data-animation-duration=\"700\" data-animation-delay=\"0\">\r\n\t\t\t\t\t<div class=\"text_wrapper\"><p style=\"text-align: center;\"><strong>Sylvia<\/strong>, clase 1986, diplomada en Lenguas. Gracias a un abuelo diplom\u00e1tico en el extranjero, tengo el privilegio de viajar por el mundo apreciando culturas y tradiciones.<br \/>\nNo obstante, comienzo a asistir y a asistir a la <strong>preparaci\u00f3n de eventos sociales<\/strong> como <strong>recepciones<\/strong>, <strong>cenas<\/strong> y <strong>ceremonias<\/strong>, tomando conciencia de que cada experiencia es \u00fanica tanto para quien la vive como para quien contribuye a realizarla.<\/p>\n<p style=\"text-align: center;\">A la edad de 18 a\u00f1os me mud\u00e9 a Londres donde comenc\u00e9 mi formaci\u00f3n como <strong>Organizadora de Eventos y Wedding Planning<\/strong> que, combinada con la valiosa <strong>experiencia en el sector Tur\u00edstico<\/strong>, adquirida a lo largo de los a\u00f1os, me ayuda a concebir una nueva visi\u00f3n de Hospitalidad y satisfacci\u00f3n del Cliente.<\/p>\n<\/div>\r\n\t\t\t\t<\/div><div id=\"cata_empty_space_ipddk\" class=\"cata-empty-space cata-element\" style=\"height: 15px\" ><\/div><div id=\"cata_custom_heading_h602jwvelm\" class=\"cata-custom-heading cata-element  vc_custom_1666275991544 has-animation\" data-animation-type=\"fadeInUp\" data-animation-duration=\"700\" data-animation-delay=\"0\"><h6 style=\"font-size: 18px; text-align:center;color: #af719d; line-height: 26px; \" class=\"\"><em>De todo esto nace Sylvia Eventi y Wedding Planner, del deseo de dar el m\u00e1ximo con pasi\u00f3n, seriedad y precisi\u00f3n, equilibrando armoniosamente demanda y resultado, sue\u00f1o y realidad en una \u00fanica f\u00f3rmula.<\/em><\/h6><\/div><\/div><\/div><div class=\"cata-column wpb_column vc_column_container text-center has-animation mobile-margin-top-30px mobile-padding-right-15px mobile-padding-left-15px  col-xs-mobile-fullwidth  col-sm-6\" data-animation-type=\"fadeInUp\" data-animation-duration=\"700\" data-animation-delay=\"0\" id=\"column_l82ulu868o\" style=\"padding-left:50px;\"><div class=\"cata-column-wrapper vc-column-innner-wrapper\" style=\"\">\t\t<div id=\"cata_single_image_tkpt7kdo5c\" class=\"cata-single-image cata-element img-center border-radius padding-foto\" >\r\n\t\t\t<div><figure>\r\n\t\t\t\t<img width=\"668\" height=\"1000\" src=\"https:\/\/sylviaevents.it\/wp-content\/uploads\/2022\/11\/foto-sylvia.jpg\" class=\"cata-image-img attachment-full\" alt=\"\" decoding=\"async\" loading=\"lazy\" title=\"foto-sylvia\" \/>\t\t\t<\/figure><\/div>\r\n\t\t<\/div>\r\n\t\t<\/div><\/div><\/div><\/div><\/section><section class=\"cata-section cata-section-container-stretch fascia-contatti cata-parallax-bg\" id=\"section_xulrwfgung\" data-prlx-speed=\"0.1\" style=\" margin-bottom:0;background-image: url(https:\/\/sylviaevents.it\/wp-content\/uploads\/2022\/10\/slide-richiedi-info.jpg);background-repeat: no-repeat;background-size: initial;background-position: center center;\" ><div class=\"selection-overlay\" style=\"opacity:0.5; background-color:#0a0a0a;\"><\/div><div class=\"cata-container\"><div class=\"cata-row cata-columns-gap-30\"><div class=\"cata-column wpb_column vc_column_container  col-xs-mobile-fullwidth col-sm-12\"  id=\"column_k3exs55vi3\" style=\"\"><div class=\"cata-column-wrapper vc-column-innner-wrapper\" style=\"\">\t\t\t<div id=\"cata_callaction_ce16b77vnk\" class=\"cata-callaction cata-style6 text-light has-animation\" data-animation-type=\"fadeInUp\" data-animation-duration=\"700\" data-animation-delay=\"0\"> \r\n\t\t\t\t\t\t\t\t\t<div class=\"content-wrapper container no-desc\">\r\n\t\t\t\t\t\t<div class=\"callaction-heading\">\r\n\t\t\t\t\t\t\t<h4>\u00bfTienes alguna pregunta?<\/h4>\r\n\t\t\t\t\t\t\t\t\r\n\t\t\t\t\t\t\t\t\t\t\t\t\t<\/div>\r\n\t\t\t\t\t\t\r\n\t\t\t\t\t\t<div class=\"callaction-btn\">\r\n\t\t\t\t\t\t<div id=\"cata_button_j7odwd79vm\" class=\"cata-button cata-btn-inline\" ><a class=\"cata-btn cata-btn-style-flat cata-btn-shape-square cata-btn-size-md\" href=\"\/es\/contacto\/\" title=\"CONT\u00c1CTAME\">CONT\u00c1CTAME<\/a><\/div>\t\t\t\t\t\t<\/div>\r\n\t\t\t\t\t<\/div>\r\n\t\t\t\t\t\t\t\t\r\n\t\t\t<\/div>\r\n\t\t<\/div><\/div><\/div><\/div><\/section>\n","protected":false},"excerpt":{"rendered":"ABOUT ME \u00a1Hola! Soy Sylvia Sylvia, clase 1986, diplomada en Lenguas. Gracias a un abuelo diplom\u00e1tico en el extranjero, tengo el privilegio de viajar por el mundo apreciando culturas y tradiciones. No obstante, comienzo a [...]","protected":false},"author":1,"featured_media":0,"parent":0,"menu_order":0,"comment_status":"closed","ping_status":"closed","template":"","meta":[],"yoast_head":"<!-- This site is optimized with the Yoast SEO plugin v20.2.1 - https:\/\/yoast.com\/wordpress\/plugins\/seo\/ -->\n<title>Sobre m\u00ed - Sylvia Events<\/title>\n<meta name=\"robots\" content=\"index, follow, max-snippet:-1, max-image-preview:large, max-video-preview:-1\" \/>\n<link rel=\"canonical\" href=\"https:\/\/sylviaevents.it\/es\/sobre-mi\/\" \/>\n<meta property=\"og:locale\" content=\"es_ES\" \/>\n<meta property=\"og:type\" content=\"article\" \/>\n<meta property=\"og:title\" content=\"Sobre m\u00ed - Sylvia Events\" \/>\n<meta property=\"og:url\" content=\"https:\/\/sylviaevents.it\/es\/sobre-mi\/\" \/>\n<meta property=\"og:site_name\" content=\"Sylvia Events\" \/>\n<meta property=\"article:publisher\" content=\"https:\/\/www.facebook.com\/people\/Sylvia-Frazzetto\/100087205748879\/\" \/>\n<meta property=\"article:modified_time\" content=\"2022-11-11T08:36:57+00:00\" \/>\n<meta property=\"og:image\" content=\"https:\/\/sylviaevents.it\/wp-content\/uploads\/2016\/12\/bg-page-title.jpg\" \/>\n\t<meta property=\"og:image:width\" content=\"1920\" \/>\n\t<meta property=\"og:image:height\" content=\"1080\" \/>\n\t<meta property=\"og:image:type\" content=\"image\/jpeg\" \/>\n<meta name=\"twitter:card\" content=\"summary_large_image\" \/>\n<meta name=\"twitter:label1\" content=\"Tiempo de lectura\" \/>\n\t<meta name=\"twitter:data1\" content=\"2 minutos\" \/>\n<script type=\"application\/ld+json\" class=\"yoast-schema-graph\">{\"@context\":\"https:\/\/schema.org\",\"@graph\":[{\"@type\":\"WebPage\",\"@id\":\"https:\/\/sylviaevents.it\/es\/sobre-mi\/\",\"url\":\"https:\/\/sylviaevents.it\/es\/sobre-mi\/\",\"name\":\"Sobre m\u00ed - Sylvia Events\",\"isPartOf\":{\"@id\":\"https:\/\/sylviaevents.it\/#website\"},\"datePublished\":\"2017-03-04T15:14:36+00:00\",\"dateModified\":\"2022-11-11T08:36:57+00:00\",\"breadcrumb\":{\"@id\":\"https:\/\/sylviaevents.it\/es\/sobre-mi\/#breadcrumb\"},\"inLanguage\":\"es\",\"potentialAction\":[{\"@type\":\"ReadAction\",\"target\":[\"https:\/\/sylviaevents.it\/es\/sobre-mi\/\"]}]},{\"@type\":\"BreadcrumbList\",\"@id\":\"https:\/\/sylviaevents.it\/es\/sobre-mi\/#breadcrumb\",\"itemListElement\":[{\"@type\":\"ListItem\",\"position\":1,\"name\":\"Home\",\"item\":\"https:\/\/sylviaevents.it\/es\/\"},{\"@type\":\"ListItem\",\"position\":2,\"name\":\"Sobre m\u00ed\"}]},{\"@type\":\"WebSite\",\"@id\":\"https:\/\/sylviaevents.it\/#website\",\"url\":\"https:\/\/sylviaevents.it\/\",\"name\":\"Sylvia Events\",\"description\":\"\",\"publisher\":{\"@id\":\"https:\/\/sylviaevents.it\/#organization\"},\"potentialAction\":[{\"@type\":\"SearchAction\",\"target\":{\"@type\":\"EntryPoint\",\"urlTemplate\":\"https:\/\/sylviaevents.it\/?s={search_term_string}\"},\"query-input\":\"required name=search_term_string\"}],\"inLanguage\":\"es\"},{\"@type\":\"Organization\",\"@id\":\"https:\/\/sylviaevents.it\/#organization\",\"name\":\"Sylvia Events\",\"url\":\"https:\/\/sylviaevents.it\/\",\"logo\":{\"@type\":\"ImageObject\",\"inLanguage\":\"es\",\"@id\":\"https:\/\/sylviaevents.it\/#\/schema\/logo\/image\/\",\"url\":\"https:\/\/sylviaevents.it\/wp-content\/uploads\/2017\/02\/logo-xs.png\",\"contentUrl\":\"https:\/\/sylviaevents.it\/wp-content\/uploads\/2017\/02\/logo-xs.png\",\"width\":99,\"height\":65,\"caption\":\"Sylvia Events\"},\"image\":{\"@id\":\"https:\/\/sylviaevents.it\/#\/schema\/logo\/image\/\"},\"sameAs\":[\"https:\/\/www.facebook.com\/people\/Sylvia-Frazzetto\/100087205748879\/\",\"https:\/\/www.instagram.com\/s.events.wedding_\/\"]}]}<\/script>\n<!-- \/ Yoast SEO plugin. -->","yoast_head_json":{"title":"Sobre m\u00ed - Sylvia Events","robots":{"index":"index","follow":"follow","max-snippet":"max-snippet:-1","max-image-preview":"max-image-preview:large","max-video-preview":"max-video-preview:-1"},"canonical":"https:\/\/sylviaevents.it\/es\/sobre-mi\/","og_locale":"es_ES","og_type":"article","og_title":"Sobre m\u00ed - Sylvia Events","og_url":"https:\/\/sylviaevents.it\/es\/sobre-mi\/","og_site_name":"Sylvia Events","article_publisher":"https:\/\/www.facebook.com\/people\/Sylvia-Frazzetto\/100087205748879\/","article_modified_time":"2022-11-11T08:36:57+00:00","og_image":[{"width":1920,"height":1080,"url":"https:\/\/sylviaevents.it\/wp-content\/uploads\/2016\/12\/bg-page-title.jpg","type":"image\/jpeg"}],"twitter_card":"summary_large_image","twitter_misc":{"Tiempo de lectura":"2 minutos"},"schema":{"@context":"https:\/\/schema.org","@graph":[{"@type":"WebPage","@id":"https:\/\/sylviaevents.it\/es\/sobre-mi\/","url":"https:\/\/sylviaevents.it\/es\/sobre-mi\/","name":"Sobre m\u00ed - Sylvia Events","isPartOf":{"@id":"https:\/\/sylviaevents.it\/#website"},"datePublished":"2017-03-04T15:14:36+00:00","dateModified":"2022-11-11T08:36:57+00:00","breadcrumb":{"@id":"https:\/\/sylviaevents.it\/es\/sobre-mi\/#breadcrumb"},"inLanguage":"es","potentialAction":[{"@type":"ReadAction","target":["https:\/\/sylviaevents.it\/es\/sobre-mi\/"]}]},{"@type":"BreadcrumbList","@id":"https:\/\/sylviaevents.it\/es\/sobre-mi\/#breadcrumb","itemListElement":[{"@type":"ListItem","position":1,"name":"Home","item":"https:\/\/sylviaevents.it\/es\/"},{"@type":"ListItem","position":2,"name":"Sobre m\u00ed"}]},{"@type":"WebSite","@id":"https:\/\/sylviaevents.it\/#website","url":"https:\/\/sylviaevents.it\/","name":"Sylvia Events","description":"","publisher":{"@id":"https:\/\/sylviaevents.it\/#organization"},"potentialAction":[{"@type":"SearchAction","target":{"@type":"EntryPoint","urlTemplate":"https:\/\/sylviaevents.it\/?s={search_term_string}"},"query-input":"required name=search_term_string"}],"inLanguage":"es"},{"@type":"Organization","@id":"https:\/\/sylviaevents.it\/#organization","name":"Sylvia Events","url":"https:\/\/sylviaevents.it\/","logo":{"@type":"ImageObject","inLanguage":"es","@id":"https:\/\/sylviaevents.it\/#\/schema\/logo\/image\/","url":"https:\/\/sylviaevents.it\/wp-content\/uploads\/2017\/02\/logo-xs.png","contentUrl":"https:\/\/sylviaevents.it\/wp-content\/uploads\/2017\/02\/logo-xs.png","width":99,"height":65,"caption":"Sylvia Events"},"image":{"@id":"https:\/\/sylviaevents.it\/#\/schema\/logo\/image\/"},"sameAs":["https:\/\/www.facebook.com\/people\/Sylvia-Frazzetto\/100087205748879\/","https:\/\/www.instagram.com\/s.events.wedding_\/"]}]}},"_links":{"self":[{"href":"https:\/\/sylviaevents.it\/es\/wp-json\/wp\/v2\/pages\/6371"}],"collection":[{"href":"https:\/\/sylviaevents.it\/es\/wp-json\/wp\/v2\/pages"}],"about":[{"href":"https:\/\/sylviaevents.it\/es\/wp-json\/wp\/v2\/types\/page"}],"author":[{"embeddable":true,"href":"https:\/\/sylviaevents.it\/es\/wp-json\/wp\/v2\/users\/1"}],"replies":[{"embeddable":true,"href":"https:\/\/sylviaevents.it\/es\/wp-json\/wp\/v2\/comments?post=6371"}],"version-history":[{"count":9,"href":"https:\/\/sylviaevents.it\/es\/wp-json\/wp\/v2\/pages\/6371\/revisions"}],"predecessor-version":[{"id":6425,"href":"https:\/\/sylviaevents.it\/es\/wp-json\/wp\/v2\/pages\/6371\/revisions\/6425"}],"wp:attachment":[{"href":"https:\/\/sylviaevents.it\/es\/wp-json\/wp\/v2\/media?parent=6371"}],"curies":[{"name":"wp","href":"https:\/\/api.w.org\/{rel}","templated":true}]}}