{"id":6365,"date":"2017-04-18T16:40:03","date_gmt":"2017-04-18T14:40:03","guid":{"rendered":"http:\/\/sylviaevents.digisidewp.it\/home\/"},"modified":"2022-11-10T10:13:52","modified_gmt":"2022-11-10T09:13:52","slug":"home","status":"publish","type":"page","link":"https:\/\/sylviaevents.it\/es\/","title":{"rendered":"Home"},"content":{"rendered":"<section class=\"cata-section cata-section-container-stretch row-equal-height row-content-middle cata-row-flex padding-sezione remove-margin-mobile\" id=\"section_y1jo0355id\" style=\" padding-top:50px; padding-bottom:50px; margin-top:0px; margin-bottom:100px;background-color:;\" ><div class=\"cata-container\"><div class=\"cata-row cata-columns-gap-30\"><div class=\"cata-column wpb_column vc_column_container text-left ipad-padding-right-30px mobile-padding-right-15px  col-xs-mobile-fullwidth  col-sm-6\"  id=\"column_1oigjhvcwj\" style=\"\"><div class=\"cata-column-wrapper vc-column-innner-wrapper\" style=\"\"><h3 class=\"heading-title style1 text-center\" ><span><i>My philosophy<\/i> Sylvia Eventi &amp; Wedding Planner<\/span><\/h3><div id=\"cata_empty_space_q53s5\" class=\"cata-empty-space cata-element\" style=\"height: 5px\" ><\/div><div class=\"cata-text-column cata-element  color-dark\" >\r\n\t\t\t\t\t<div class=\"text_wrapper\"><p class=\"frase\">EVENTO<br \/>\nAcontecimiento, especialmente<br \/>\nsi es de cierta importancia.<\/p>\n<\/div>\r\n\t\t\t\t<\/div><div id=\"cata_empty_space_a7mlv\" class=\"cata-empty-space cata-element\" style=\"height: 20px\" ><\/div><div class=\"cata-text-column cata-element  color-dark\" >\r\n\t\t\t\t\t<div class=\"text_wrapper\"><p style=\"text-align: center;\"><strong>Sylvia Eventi &amp; Wedding Planner<\/strong> nace en el Golfo de La Spezia y Las Cinco Tierras, con el deseo de realizar sus sue\u00f1os a trav\u00e9s de una armon\u00eda de elegancia, bellezas ocultas y el inevitable romanticismo del tan esperado \u00abSI\u00bb.<\/p>\n<p style=\"text-align: center;\">Nos ocupamos, gracias tambi\u00e9n a una red de colaboradores expertos en todos los sectores, de un dise\u00f1o a medida, acogiendo todas las solicitudes hasta los detalles con el objetivo final de <strong>un evento inolvidable<\/strong>.<\/p>\n<\/div>\r\n\t\t\t\t<\/div><\/div><\/div><div class=\"cata-column wpb_column vc_column_container text-left  col-xs-mobile-fullwidth  col-sm-6\"  id=\"column_6cqwzb3idd\" style=\"padding-left:30px;\"><div class=\"cata-column-wrapper vc-column-innner-wrapper\" style=\"\">\t\t<div id=\"cata_single_image_we04mh9euk\" class=\"cata-single-image cata-element img-center border-radius\" >\r\n\t\t\t<div><figure>\r\n\t\t\t\t<img width=\"622\" height=\"395\" src=\"https:\/\/sylviaevents.it\/wp-content\/uploads\/2022\/10\/img-dx-home.jpg\" class=\"cata-image-img attachment-full\" alt=\"\" decoding=\"async\" loading=\"lazy\" title=\"img-dx-home\" \/>\t\t\t<\/figure><\/div>\r\n\t\t<\/div>\r\n\t\t<\/div><\/div><\/div><\/div><\/section><section class=\"cata-section cata-section-fullwidth cata-fullwidth\" id=\"section_8o3ipz4aon\" style=\" margin-bottom:10px;\" ><div class=\"cata-row cata-columns-gap-30\"><div class=\"cata-column wpb_column vc_column_container  col-xs-mobile-fullwidth col-sm-12\"  id=\"column_0rzqhtex7g\" style=\"\"><div class=\"cata-column-wrapper vc-column-innner-wrapper\" style=\"\"><h3 class=\"heading-title style1 text-center has-animation\" data-animation-type=\"fadeInUp\" data-animation-duration=\"700\" data-animation-delay=\"0\"><span><i>Sylvia's World<\/i> Galer\u00eda de Fotos<\/span><\/h3><div id=\"cata_empty_space_t7pht\" class=\"cata-empty-space cata-element\" style=\"height: 30px\" ><\/div>\t\t\t<div id=\"cata_isotope_1980717632\" class=\"cata-element cata-portfolio portfolio-deactivate cata-hover-style3 cata-isotope cata-isotope-packery cata-cols4 cata-with-spacing\" data-spacing-size=\"10\" data-layout=\"packery\" data-filterdef=\"\">\r\n\t\t\t\t\t\t\t\t\r\n\t\t\t\t<div class=\"cata-isotope-container cata-gallery-popup\" data-slick='[]'>\r\n\t\t\t\t\t<div class=\"cata-isotope-grid-sizer\"><\/div><article class=\"cata-isotope-item wedding-bouquet-es cata-portfolio-item cata-default-masonry-item\">\r\n\t\t\t\t\t\t<div class=\"cata-isotope-item-inner\"><div class=\"cata-has-animation cata-fadeInUp\">\r\n\t\t\t\t\t\t\t<a href=\"https:\/\/sylviaevents.it\/wp-content\/uploads\/2016\/12\/img-anteprima-grid-01-1.jpg\" class=\"cata-item-url fresco\" data-fresco-caption=\"Fiestas privadas\" data-fresco-group=\"cata-gallery\"><\/a>\r\n\t\t\t\t\t\t\t<div class=\"cata-love-counter\"><a href=\"#\" class=\"cata-love\" id=\"cata-love-6321\" title=\"Love this\" data-loved=\"You already love this!\"> <i class=\"fa fa-heart-o\"><\/i><span class=\"cata-love-count\">0<\/span><\/a><\/div>\r\n\t\t\t\t\t\t\t\t\r\n\t\t\t\t\t\t\t<div class=\"cata-item-image\">\r\n\t\t\t\t\t\t\t\t<img src=\"https:\/\/sylviaevents.it\/wp-content\/uploads\/2016\/12\/img-anteprima-grid-01-1-600x600.jpg\" alt=\"Fiestas privadas\">\r\n\t\t\t\t\t\t\t<\/div>\r\n\t\t\t\t\t\t\t<div class=\"cata-item-info\">\r\n\t\t\t\t\t\t\t\t<h4 class=\"cata-title\"><a href=\"https:\/\/sylviaevents.it\/wp-content\/uploads\/2016\/12\/img-anteprima-grid-01-1.jpg\" class=\"fresco\" data-fresco-caption=\"Fiestas privadas\" data-fresco-group=\"cata-gallery2\" title=\"Fiestas privadas\">Fiestas privadas<\/a><\/h4>\r\n\t\t\t\t\t\t\t\t<p class=\"cata-cates\"><a href=\"https:\/\/sylviaevents.it\/es\/portfolio-category\/wedding-bouquet-es\/\" rel=\"tag\">Wedding Bouquet<\/a><\/p>\r\n\t\t\t\t\t\t\t<\/div>\r\n\t\t\t\t\t\t<\/div><\/div>\r\n\t\t\t\t\t<\/article><article class=\"cata-isotope-item wedding-bouquet-es cata-portfolio-item cata-default-masonry-item\">\r\n\t\t\t\t\t\t<div class=\"cata-isotope-item-inner\"><div class=\"cata-has-animation cata-fadeInUp\">\r\n\t\t\t\t\t\t\t<a href=\"https:\/\/sylviaevents.it\/wp-content\/uploads\/2016\/12\/img-anteprima-grid-02.jpg\" class=\"cata-item-url fresco\" data-fresco-caption=\"Ramos de novia\" data-fresco-group=\"cata-gallery\"><\/a>\r\n\t\t\t\t\t\t\t<div class=\"cata-love-counter\"><a href=\"#\" class=\"cata-love\" id=\"cata-love-6320\" title=\"Love this\" data-loved=\"You already love this!\"> <i class=\"fa fa-heart-o\"><\/i><span class=\"cata-love-count\">0<\/span><\/a><\/div>\r\n\t\t\t\t\t\t\t\t\r\n\t\t\t\t\t\t\t<div class=\"cata-item-image\">\r\n\t\t\t\t\t\t\t\t<img src=\"https:\/\/sylviaevents.it\/wp-content\/uploads\/2016\/12\/img-anteprima-grid-02-600x600.jpg\" alt=\"Ramos de novia\">\r\n\t\t\t\t\t\t\t<\/div>\r\n\t\t\t\t\t\t\t<div class=\"cata-item-info\">\r\n\t\t\t\t\t\t\t\t<h4 class=\"cata-title\"><a href=\"https:\/\/sylviaevents.it\/wp-content\/uploads\/2016\/12\/img-anteprima-grid-02.jpg\" class=\"fresco\" data-fresco-caption=\"Ramos de novia\" data-fresco-group=\"cata-gallery2\" title=\"Ramos de novia\">Ramos de novia<\/a><\/h4>\r\n\t\t\t\t\t\t\t\t<p class=\"cata-cates\"><a href=\"https:\/\/sylviaevents.it\/es\/portfolio-category\/wedding-bouquet-es\/\" rel=\"tag\">Wedding Bouquet<\/a><\/p>\r\n\t\t\t\t\t\t\t<\/div>\r\n\t\t\t\t\t\t<\/div><\/div>\r\n\t\t\t\t\t<\/article><article class=\"cata-isotope-item wedding-cake-es cata-portfolio-item cata-default-masonry-item\">\r\n\t\t\t\t\t\t<div class=\"cata-isotope-item-inner\"><div class=\"cata-has-animation cata-fadeInUp\">\r\n\t\t\t\t\t\t\t<a href=\"https:\/\/sylviaevents.it\/wp-content\/uploads\/2016\/12\/img-anteprima-grid-03.jpg\" class=\"cata-item-url fresco\" data-fresco-caption=\"Vestidos de novia\" data-fresco-group=\"cata-gallery\"><\/a>\r\n\t\t\t\t\t\t\t<div class=\"cata-love-counter\"><a href=\"#\" class=\"cata-love\" id=\"cata-love-6319\" title=\"Love this\" data-loved=\"You already love this!\"> <i class=\"fa fa-heart-o\"><\/i><span class=\"cata-love-count\">0<\/span><\/a><\/div>\r\n\t\t\t\t\t\t\t\t\r\n\t\t\t\t\t\t\t<div class=\"cata-item-image\">\r\n\t\t\t\t\t\t\t\t<img src=\"https:\/\/sylviaevents.it\/wp-content\/uploads\/2016\/12\/img-anteprima-grid-03-600x600.jpg\" alt=\"Vestidos de novia\">\r\n\t\t\t\t\t\t\t<\/div>\r\n\t\t\t\t\t\t\t<div class=\"cata-item-info\">\r\n\t\t\t\t\t\t\t\t<h4 class=\"cata-title\"><a href=\"https:\/\/sylviaevents.it\/wp-content\/uploads\/2016\/12\/img-anteprima-grid-03.jpg\" class=\"fresco\" data-fresco-caption=\"Vestidos de novia\" data-fresco-group=\"cata-gallery2\" title=\"Vestidos de novia\">Vestidos de novia<\/a><\/h4>\r\n\t\t\t\t\t\t\t\t<p class=\"cata-cates\"><a href=\"https:\/\/sylviaevents.it\/es\/portfolio-category\/wedding-cake-es\/\" rel=\"tag\">Wedding Cake<\/a><\/p>\r\n\t\t\t\t\t\t\t<\/div>\r\n\t\t\t\t\t\t<\/div><\/div>\r\n\t\t\t\t\t<\/article><article class=\"cata-isotope-item wedding-bouquet-es cata-portfolio-item cata-large-width-masonry-item\">\r\n\t\t\t\t\t\t<div class=\"cata-isotope-item-inner\"><div class=\"cata-has-animation cata-fadeInUp\">\r\n\t\t\t\t\t\t\t<a href=\"https:\/\/sylviaevents.it\/wp-content\/uploads\/2016\/12\/img-anteprima-grid-05.jpg\" class=\"cata-item-url fresco\" data-fresco-caption=\"Despedida de soltera\" data-fresco-group=\"cata-gallery\"><\/a>\r\n\t\t\t\t\t\t\t<div class=\"cata-love-counter\"><a href=\"#\" class=\"cata-love\" id=\"cata-love-6318\" title=\"Love this\" data-loved=\"You already love this!\"> <i class=\"fa fa-heart-o\"><\/i><span class=\"cata-love-count\">0<\/span><\/a><\/div>\r\n\t\t\t\t\t\t\t\t\r\n\t\t\t\t\t\t\t<div class=\"cata-item-image\">\r\n\t\t\t\t\t\t\t\t<img src=\"https:\/\/sylviaevents.it\/wp-content\/uploads\/2016\/12\/img-anteprima-grid-05-1170x600.jpg\" alt=\"Despedida de soltera\">\r\n\t\t\t\t\t\t\t<\/div>\r\n\t\t\t\t\t\t\t<div class=\"cata-item-info\">\r\n\t\t\t\t\t\t\t\t<h4 class=\"cata-title\"><a href=\"https:\/\/sylviaevents.it\/wp-content\/uploads\/2016\/12\/img-anteprima-grid-05.jpg\" class=\"fresco\" data-fresco-caption=\"Despedida de soltera\" data-fresco-group=\"cata-gallery2\" title=\"Despedida de soltera\">Despedida de soltera<\/a><\/h4>\r\n\t\t\t\t\t\t\t\t<p class=\"cata-cates\"><a href=\"https:\/\/sylviaevents.it\/es\/portfolio-category\/wedding-bouquet-es\/\" rel=\"tag\">Wedding Bouquet<\/a><\/p>\r\n\t\t\t\t\t\t\t<\/div>\r\n\t\t\t\t\t\t<\/div><\/div>\r\n\t\t\t\t\t<\/article><article class=\"cata-isotope-item wedding-bouquet-es wedding-ceremony-es cata-portfolio-item cata-large-height-masonry-item\">\r\n\t\t\t\t\t\t<div class=\"cata-isotope-item-inner\"><div class=\"cata-has-animation cata-fadeInUp\">\r\n\t\t\t\t\t\t\t<a href=\"https:\/\/sylviaevents.it\/wp-content\/uploads\/2016\/12\/img-anteprima-grid-04.jpg\" class=\"cata-item-url fresco\" data-fresco-caption=\"Pasteles de boda\" data-fresco-group=\"cata-gallery\"><\/a>\r\n\t\t\t\t\t\t\t<div class=\"cata-love-counter\"><a href=\"#\" class=\"cata-love\" id=\"cata-love-6317\" title=\"Love this\" data-loved=\"You already love this!\"> <i class=\"fa fa-heart-o\"><\/i><span class=\"cata-love-count\">0<\/span><\/a><\/div>\r\n\t\t\t\t\t\t\t\t\r\n\t\t\t\t\t\t\t<div class=\"cata-item-image\">\r\n\t\t\t\t\t\t\t\t<img src=\"https:\/\/sylviaevents.it\/wp-content\/uploads\/2016\/12\/img-anteprima-grid-04-600x1170.jpg\" alt=\"Pasteles de boda\">\r\n\t\t\t\t\t\t\t<\/div>\r\n\t\t\t\t\t\t\t<div class=\"cata-item-info\">\r\n\t\t\t\t\t\t\t\t<h4 class=\"cata-title\"><a href=\"https:\/\/sylviaevents.it\/wp-content\/uploads\/2016\/12\/img-anteprima-grid-04.jpg\" class=\"fresco\" data-fresco-caption=\"Pasteles de boda\" data-fresco-group=\"cata-gallery2\" title=\"Pasteles de boda\">Pasteles de boda<\/a><\/h4>\r\n\t\t\t\t\t\t\t\t<p class=\"cata-cates\"><a href=\"https:\/\/sylviaevents.it\/es\/portfolio-category\/wedding-bouquet-es\/\" rel=\"tag\">Wedding Bouquet<\/a>, <a href=\"https:\/\/sylviaevents.it\/es\/portfolio-category\/wedding-ceremony-es\/\" rel=\"tag\">Wedding Ceremony<\/a><\/p>\r\n\t\t\t\t\t\t\t<\/div>\r\n\t\t\t\t\t\t<\/div><\/div>\r\n\t\t\t\t\t<\/article><article class=\"cata-isotope-item wedding-cake-es wedding-ceremony-es cata-portfolio-item cata-default-masonry-item\">\r\n\t\t\t\t\t\t<div class=\"cata-isotope-item-inner\"><div class=\"cata-has-animation cata-fadeInUp\">\r\n\t\t\t\t\t\t\t<a href=\"https:\/\/sylviaevents.it\/wp-content\/uploads\/2016\/12\/img-anteprima-grid-06.jpg\" class=\"cata-item-url fresco\" data-fresco-caption=\"Alianzas y joyas\" data-fresco-group=\"cata-gallery\"><\/a>\r\n\t\t\t\t\t\t\t<div class=\"cata-love-counter\"><a href=\"#\" class=\"cata-love\" id=\"cata-love-6311\" title=\"Love this\" data-loved=\"You already love this!\"> <i class=\"fa fa-heart-o\"><\/i><span class=\"cata-love-count\">0<\/span><\/a><\/div>\r\n\t\t\t\t\t\t\t\t\r\n\t\t\t\t\t\t\t<div class=\"cata-item-image\">\r\n\t\t\t\t\t\t\t\t<img src=\"https:\/\/sylviaevents.it\/wp-content\/uploads\/2016\/12\/img-anteprima-grid-06-600x600.jpg\" alt=\"Alianzas y joyas\">\r\n\t\t\t\t\t\t\t<\/div>\r\n\t\t\t\t\t\t\t<div class=\"cata-item-info\">\r\n\t\t\t\t\t\t\t\t<h4 class=\"cata-title\"><a href=\"https:\/\/sylviaevents.it\/wp-content\/uploads\/2016\/12\/img-anteprima-grid-06.jpg\" class=\"fresco\" data-fresco-caption=\"Alianzas y joyas\" data-fresco-group=\"cata-gallery2\" title=\"Alianzas y joyas\">Alianzas y joyas<\/a><\/h4>\r\n\t\t\t\t\t\t\t\t<p class=\"cata-cates\"><a href=\"https:\/\/sylviaevents.it\/es\/portfolio-category\/wedding-cake-es\/\" rel=\"tag\">Wedding Cake<\/a>, <a href=\"https:\/\/sylviaevents.it\/es\/portfolio-category\/wedding-ceremony-es\/\" rel=\"tag\">Wedding Ceremony<\/a><\/p>\r\n\t\t\t\t\t\t\t<\/div>\r\n\t\t\t\t\t\t<\/div><\/div>\r\n\t\t\t\t\t<\/article>\t\t\t\t<\/div>\r\n\t\t\t\t\t\t\t\t\r\n\t\t\t<\/div><div class=\"clear\"><\/div>\r\n\t\t\t\t\t\t\r\n\t\t<\/div><\/div><\/div><\/section>\n","protected":false},"excerpt":{"rendered":"Fusce gravida pretium eleifend vitae neque ac eros blandit, non tristique dui aliquet. Praesent sagittis massa quis nulla pretium vestibulum. Suspendisse tincidunt et nisi ac fringilla. Maecenas et lorem sit amet arcu commodo ornare. Sed [...]","protected":false},"author":1,"featured_media":0,"parent":0,"menu_order":0,"comment_status":"closed","ping_status":"closed","template":"","meta":[],"yoast_head":"<!-- This site is optimized with the Yoast SEO plugin v20.2.1 - https:\/\/yoast.com\/wordpress\/plugins\/seo\/ -->\n<title>Sylvia Events - Organizadora de Eventos y Wedding Planning La Spezia<\/title>\n<meta name=\"description\" content=\"Sylvia Eventi &amp; Wedding Planner nace en el Golfo de La Spezia y Las Cinco Tierras, con el deseo de realizar sus sue\u00f1os a trav\u00e9s de una armon\u00eda de elegancia, bellezas ocultas y el inevitable romanticismo del tan esperado \u00abSI\u00bb.\" \/>\n<meta name=\"robots\" content=\"index, follow, max-snippet:-1, max-image-preview:large, max-video-preview:-1\" \/>\n<link rel=\"canonical\" href=\"https:\/\/sylviaevents.it\/es\/\" \/>\n<meta property=\"og:locale\" content=\"es_ES\" \/>\n<meta property=\"og:type\" content=\"article\" \/>\n<meta property=\"og:title\" content=\"Sylvia Events - Organizadora de Eventos y Wedding Planning La Spezia\" \/>\n<meta property=\"og:description\" content=\"Sylvia Eventi &amp; Wedding Planner nace en el Golfo de La Spezia y Las Cinco Tierras, con el deseo de realizar sus sue\u00f1os a trav\u00e9s de una armon\u00eda de elegancia, bellezas ocultas y el inevitable romanticismo del tan esperado \u00abSI\u00bb.\" \/>\n<meta property=\"og:url\" content=\"https:\/\/sylviaevents.it\/es\/\" \/>\n<meta property=\"og:site_name\" content=\"Sylvia Events\" \/>\n<meta property=\"article:publisher\" content=\"https:\/\/www.facebook.com\/people\/Sylvia-Frazzetto\/100087205748879\/\" \/>\n<meta property=\"article:modified_time\" content=\"2022-11-10T09:13:52+00:00\" \/>\n<meta property=\"og:image\" content=\"https:\/\/sylviaevents.it\/wp-content\/uploads\/2016\/12\/bg-page-title.jpg\" \/>\n\t<meta property=\"og:image:width\" content=\"1920\" \/>\n\t<meta property=\"og:image:height\" content=\"1080\" \/>\n\t<meta property=\"og:image:type\" content=\"image\/jpeg\" \/>\n<meta name=\"twitter:card\" content=\"summary_large_image\" \/>\n<meta name=\"twitter:label1\" content=\"Tiempo de lectura\" \/>\n\t<meta name=\"twitter:data1\" content=\"2 minutos\" \/>\n<script type=\"application\/ld+json\" class=\"yoast-schema-graph\">{\"@context\":\"https:\/\/schema.org\",\"@graph\":[{\"@type\":\"WebPage\",\"@id\":\"https:\/\/sylviaevents.it\/es\/\",\"url\":\"https:\/\/sylviaevents.it\/es\/\",\"name\":\"Sylvia Events - Organizadora de Eventos y Wedding Planning La Spezia\",\"isPartOf\":{\"@id\":\"https:\/\/sylviaevents.it\/#website\"},\"datePublished\":\"2017-04-18T14:40:03+00:00\",\"dateModified\":\"2022-11-10T09:13:52+00:00\",\"description\":\"Sylvia Eventi & Wedding Planner nace en el Golfo de La Spezia y Las Cinco Tierras, con el deseo de realizar sus sue\u00f1os a trav\u00e9s de una armon\u00eda de elegancia, bellezas ocultas y el inevitable romanticismo del tan esperado \u00abSI\u00bb.\",\"breadcrumb\":{\"@id\":\"https:\/\/sylviaevents.it\/es\/#breadcrumb\"},\"inLanguage\":\"es\",\"potentialAction\":[{\"@type\":\"ReadAction\",\"target\":[\"https:\/\/sylviaevents.it\/es\/\"]}]},{\"@type\":\"BreadcrumbList\",\"@id\":\"https:\/\/sylviaevents.it\/es\/#breadcrumb\",\"itemListElement\":[{\"@type\":\"ListItem\",\"position\":1,\"name\":\"Home\",\"item\":\"https:\/\/sylviaevents.it\/es\/\"},{\"@type\":\"ListItem\",\"position\":2,\"name\":\"Home\"}]},{\"@type\":\"WebSite\",\"@id\":\"https:\/\/sylviaevents.it\/#website\",\"url\":\"https:\/\/sylviaevents.it\/\",\"name\":\"Sylvia Events\",\"description\":\"\",\"publisher\":{\"@id\":\"https:\/\/sylviaevents.it\/#organization\"},\"potentialAction\":[{\"@type\":\"SearchAction\",\"target\":{\"@type\":\"EntryPoint\",\"urlTemplate\":\"https:\/\/sylviaevents.it\/?s={search_term_string}\"},\"query-input\":\"required name=search_term_string\"}],\"inLanguage\":\"es\"},{\"@type\":\"Organization\",\"@id\":\"https:\/\/sylviaevents.it\/#organization\",\"name\":\"Sylvia Events\",\"url\":\"https:\/\/sylviaevents.it\/\",\"logo\":{\"@type\":\"ImageObject\",\"inLanguage\":\"es\",\"@id\":\"https:\/\/sylviaevents.it\/#\/schema\/logo\/image\/\",\"url\":\"https:\/\/sylviaevents.it\/wp-content\/uploads\/2017\/02\/logo-xs.png\",\"contentUrl\":\"https:\/\/sylviaevents.it\/wp-content\/uploads\/2017\/02\/logo-xs.png\",\"width\":99,\"height\":65,\"caption\":\"Sylvia Events\"},\"image\":{\"@id\":\"https:\/\/sylviaevents.it\/#\/schema\/logo\/image\/\"},\"sameAs\":[\"https:\/\/www.facebook.com\/people\/Sylvia-Frazzetto\/100087205748879\/\",\"https:\/\/www.instagram.com\/s.events.wedding_\/\"]}]}<\/script>\n<!-- \/ Yoast SEO plugin. -->","yoast_head_json":{"title":"Sylvia Events - Organizadora de Eventos y Wedding Planning La Spezia","description":"Sylvia Eventi & Wedding Planner nace en el Golfo de La Spezia y Las Cinco Tierras, con el deseo de realizar sus sue\u00f1os a trav\u00e9s de una armon\u00eda de elegancia, bellezas ocultas y el inevitable romanticismo del tan esperado \u00abSI\u00bb.","robots":{"index":"index","follow":"follow","max-snippet":"max-snippet:-1","max-image-preview":"max-image-preview:large","max-video-preview":"max-video-preview:-1"},"canonical":"https:\/\/sylviaevents.it\/es\/","og_locale":"es_ES","og_type":"article","og_title":"Sylvia Events - Organizadora de Eventos y Wedding Planning La Spezia","og_description":"Sylvia Eventi & Wedding Planner nace en el Golfo de La Spezia y Las Cinco Tierras, con el deseo de realizar sus sue\u00f1os a trav\u00e9s de una armon\u00eda de elegancia, bellezas ocultas y el inevitable romanticismo del tan esperado \u00abSI\u00bb.","og_url":"https:\/\/sylviaevents.it\/es\/","og_site_name":"Sylvia Events","article_publisher":"https:\/\/www.facebook.com\/people\/Sylvia-Frazzetto\/100087205748879\/","article_modified_time":"2022-11-10T09:13:52+00:00","og_image":[{"width":1920,"height":1080,"url":"https:\/\/sylviaevents.it\/wp-content\/uploads\/2016\/12\/bg-page-title.jpg","type":"image\/jpeg"}],"twitter_card":"summary_large_image","twitter_misc":{"Tiempo de lectura":"2 minutos"},"schema":{"@context":"https:\/\/schema.org","@graph":[{"@type":"WebPage","@id":"https:\/\/sylviaevents.it\/es\/","url":"https:\/\/sylviaevents.it\/es\/","name":"Sylvia Events - Organizadora de Eventos y Wedding Planning La Spezia","isPartOf":{"@id":"https:\/\/sylviaevents.it\/#website"},"datePublished":"2017-04-18T14:40:03+00:00","dateModified":"2022-11-10T09:13:52+00:00","description":"Sylvia Eventi & Wedding Planner nace en el Golfo de La Spezia y Las Cinco Tierras, con el deseo de realizar sus sue\u00f1os a trav\u00e9s de una armon\u00eda de elegancia, bellezas ocultas y el inevitable romanticismo del tan esperado \u00abSI\u00bb.","breadcrumb":{"@id":"https:\/\/sylviaevents.it\/es\/#breadcrumb"},"inLanguage":"es","potentialAction":[{"@type":"ReadAction","target":["https:\/\/sylviaevents.it\/es\/"]}]},{"@type":"BreadcrumbList","@id":"https:\/\/sylviaevents.it\/es\/#breadcrumb","itemListElement":[{"@type":"ListItem","position":1,"name":"Home","item":"https:\/\/sylviaevents.it\/es\/"},{"@type":"ListItem","position":2,"name":"Home"}]},{"@type":"WebSite","@id":"https:\/\/sylviaevents.it\/#website","url":"https:\/\/sylviaevents.it\/","name":"Sylvia Events","description":"","publisher":{"@id":"https:\/\/sylviaevents.it\/#organization"},"potentialAction":[{"@type":"SearchAction","target":{"@type":"EntryPoint","urlTemplate":"https:\/\/sylviaevents.it\/?s={search_term_string}"},"query-input":"required name=search_term_string"}],"inLanguage":"es"},{"@type":"Organization","@id":"https:\/\/sylviaevents.it\/#organization","name":"Sylvia Events","url":"https:\/\/sylviaevents.it\/","logo":{"@type":"ImageObject","inLanguage":"es","@id":"https:\/\/sylviaevents.it\/#\/schema\/logo\/image\/","url":"https:\/\/sylviaevents.it\/wp-content\/uploads\/2017\/02\/logo-xs.png","contentUrl":"https:\/\/sylviaevents.it\/wp-content\/uploads\/2017\/02\/logo-xs.png","width":99,"height":65,"caption":"Sylvia Events"},"image":{"@id":"https:\/\/sylviaevents.it\/#\/schema\/logo\/image\/"},"sameAs":["https:\/\/www.facebook.com\/people\/Sylvia-Frazzetto\/100087205748879\/","https:\/\/www.instagram.com\/s.events.wedding_\/"]}]}},"_links":{"self":[{"href":"https:\/\/sylviaevents.it\/es\/wp-json\/wp\/v2\/pages\/6365"}],"collection":[{"href":"https:\/\/sylviaevents.it\/es\/wp-json\/wp\/v2\/pages"}],"about":[{"href":"https:\/\/sylviaevents.it\/es\/wp-json\/wp\/v2\/types\/page"}],"author":[{"embeddable":true,"href":"https:\/\/sylviaevents.it\/es\/wp-json\/wp\/v2\/users\/1"}],"replies":[{"embeddable":true,"href":"https:\/\/sylviaevents.it\/es\/wp-json\/wp\/v2\/comments?post=6365"}],"version-history":[{"count":4,"href":"https:\/\/sylviaevents.it\/es\/wp-json\/wp\/v2\/pages\/6365\/revisions"}],"predecessor-version":[{"id":6421,"href":"https:\/\/sylviaevents.it\/es\/wp-json\/wp\/v2\/pages\/6365\/revisions\/6421"}],"wp:attachment":[{"href":"https:\/\/sylviaevents.it\/es\/wp-json\/wp\/v2\/media?parent=6365"}],"curies":[{"name":"wp","href":"https:\/\/api.w.org\/{rel}","templated":true}]}}